{"id":196,"date":"2009-01-04T12:49:32","date_gmt":"2009-01-04T20:49:32","guid":{"rendered":"http:\/\/gql.fus.mybluehost.me\/en\/?page_id=196"},"modified":"2009-01-04T12:49:32","modified_gmt":"2009-01-04T20:49:32","slug":"sport-specific-rehabilitation","status":"publish","type":"page","link":"https:\/\/neuroft.com\/en\/services\/sport-specific-rehabilitation\/","title":{"rendered":"Sports Rehabilitation"},"content":{"rendered":"<p><strong><img class=\"alignright\" src=\"https:\/\/neuroft.com\/en\/wp-content\/themes\/thestation\/img\/indivservicepicts\/Sports.png\" alt=\"\" width=\"320\" height=\"200\" \/>We treat people with the following medical conditions: (including, but not limited to):<\/strong><\/p>\n<p><span style=\"text-decoration: underline;\"><strong>Common Sport Injuries (include, but are not limited to): <\/strong><\/span><\/p>\n<ul>\n<li>Shin splints (medial tibial syndrome)<\/li>\n<li>Chronic Compartment syndrome<\/li>\n<li>Plantar Fascitis<\/li>\n<li>Iliotibial band syndrome (ITB syndrome)<\/li>\n<li>Piriformis syndrome<\/li>\n<li>Patellar tendonitis<\/li>\n<li>Osgood Schlatter disease<\/li>\n<li>Golfer&#8217;s elbow<\/li>\n<li>Tennis elbow<\/li>\n<li>Rotator cuff tears<\/li>\n<li>ACL &amp; PCL &amp; Meniscal tears<\/li>\n<li>Ankle sprains<\/li>\n<\/ul>\n<p><span style=\"text-decoration: underline;\"><strong>Lower extremity injuries: <\/strong><\/span><\/p>\n<ul>\n<li>Foot injuries<\/li>\n<li>Ankle injuries (ligament tears, anatomical malalignment)<\/li>\n<li>Knee injuries (meniscal tears, meniscal repairs, ACL &amp; PCL injuries, osteoarthritis)<\/li>\n<li>Hip injuries (trochanteric bursitis, osteoarthritis, capsular restrictions)<\/li>\n<\/ul>\n<p><span style=\"text-decoration: underline;\"><strong>Upper extremity injuries:<\/strong><\/span><\/p>\n<ul>\n<li>Finger &amp; Hand injuries (tenosynovitis, osteoarthritis)<\/li>\n<li>Wrist injuries (fractures, carpal bone restrictions, limited range of motion, carpal tunnel syndrome)<\/li>\n<li>Elbow injuries (golfer&#8217;s elbow, tennis elbow)<\/li>\n<li>Shoulder injuries (rotator cuff tears, scapular instability, SLAP lesions, bursitis)<\/li>\n<\/ul>\n<p><span style=\"text-decoration: underline;\"><strong>Spinal Injuries:<\/strong><\/span><\/p>\n<ul>\n<li>Cervical injuries (whiplash, <a title=\"Torticollis\" href=\"..\/..\/..\/..\/..\/..\/archives\/81\">Torticollis<\/a>)<\/li>\n<li>Thoracic injuries (muscular strains, vertebral rotations)<\/li>\n<li>Lumbar injuries (low back pain, muscular strains, sciatic nerve impingement)<\/li>\n<li>Sacroiliac Dysfunction<\/li>\n<li>Postural dysfunction (kyphosis, excessive lumbar lordosis, scoliosis)<\/li>\n<\/ul>\n<p><span style=\"text-decoration: underline;\"><strong>Rehabilitation post surgical procedures<\/strong><\/span><\/p>\n<ul>\n<li><a title=\"Spinal surgeries\" href=\"..\/..\/..\/..\/..\/..\/archives\/78\">Spinal fusion, laminectomy, laminaplasty<\/a><\/li>\n<li>Total hip replacement (THR), femoral pin insertion<\/li>\n<li>Knee arthroscopic surgery, total knee replacements (TKR), meniscal repairs, ACL &amp; PCL repairs<\/li>\n<li>Hand surgery, carpal tunnel surgical release.<\/li>\n<\/ul>\n<p><strong>We offer the following specialized and individualized rehabilitation services:<\/strong><\/p>\n<ul>\n<li><a title=\"Myofascial Release\" href=\"..\/..\/..\/..\/..\/archives\/47\" target=\"_blank\" rel=\"noopener\">Myofascial Release<\/a> (Barnes Method)<\/li>\n<li><a title=\"NDT\" href=\"..\/..\/..\/..\/..\/archives\/91\">NDT (neurodevelopmental treatment approach)<\/a><\/li>\n<li>Transcraneal magnetic stimulation (TMS) and neurological rehabilitacion as complementary treatment.<\/li>\n<li>Joint mobilizations (pain and inflammation, increase range of motion, capsular restrictions, improved biomechanical alignment)<\/li>\n<li>Habituation exercises specific to balance and vestibular dysfunction<\/li>\n<li>Individualized fall prevention programs<\/li>\n<li>Functional rehabilitation post neurological disorders<\/li>\n<li><a title=\"Canalith repositioning\" href=\"..\/..\/..\/..\/..\/archives\/80\">Canalith repositioning<\/a><\/li>\n<li>Postural re-education and instruction of proper body mechanics during activities of daily living<\/li>\n<\/ul>\n<p><strong>NeuroFT is committed to:<\/strong><\/p>\n<ul>\n<li>Fomenting a caring, compassionate environment to maximize the functional potential by responding creatively and professionally to individual needs.<\/li>\n<\/ul>\n<ul>\n<li>Providing high-quality and individualized physical therapy to those in need of specialized rehabilitation services.<\/li>\n<\/ul>\n<ul>\n<li>Extending professional physical therapy services to all patients, including provision of pro-bono services within the financial abilities of this practice.<\/li>\n<\/ul>\n<ul>\n<li>Enhancing the practice of physical therapy by providing educational opportunities and clinical experience for physical therapy students, patients, and the local community.<\/li>\n<\/ul>\n<ul>\n<li>Maintaining patient-centered approach that is the cornerstone of all patient interactions and decision-making processes.<\/li>\n<\/ul>\n<p><strong><br \/>\n<\/strong><\/p>\n","protected":false},"excerpt":{"rendered":"<p>We treat people with the following medical conditions: (including, but not limited to): Common Sport Injuries (include, but are not limited  [&#8230;]<\/p>\n","protected":false},"author":1,"featured_media":0,"parent":4541,"menu_order":0,"comment_status":"closed","ping_status":"open","template":"","meta":[],"yoast_head":"<!-- This site is optimized with the Yoast SEO plugin v16.8 - https:\/\/yoast.com\/wordpress\/plugins\/seo\/ -->\n<title>Sports Rehabilitation - Terapia F\u00edsica Costa Rica y Rehabilitaci\u00f3n Neurol\u00f3gica - Dra. Lisa Riggioni<\/title>\n<meta name=\"robots\" content=\"index, follow, max-snippet:-1, max-image-preview:large, max-video-preview:-1\" \/>\n<link rel=\"canonical\" href=\"https:\/\/neuroft.com\/en\/services\/sport-specific-rehabilitation\/\" \/>\n<meta property=\"og:locale\" content=\"en_US\" \/>\n<meta property=\"og:type\" content=\"article\" \/>\n<meta property=\"og:title\" content=\"Sports Rehabilitation - Terapia F\u00edsica Costa Rica y Rehabilitaci\u00f3n Neurol\u00f3gica - Dra. Lisa Riggioni\" \/>\n<meta property=\"og:description\" content=\"We treat people with the following medical conditions: (including, but not limited to): Common Sport Injuries (include, but are not limited [...]\" \/>\n<meta property=\"og:url\" content=\"https:\/\/neuroft.com\/en\/services\/sport-specific-rehabilitation\/\" \/>\n<meta property=\"og:site_name\" content=\"Terapia F\u00edsica Costa Rica y Rehabilitaci\u00f3n Neurol\u00f3gica - Dra. Lisa Riggioni\" \/>\n<meta property=\"article:publisher\" content=\"https:\/\/www.facebook.com\/NeuroFT\/\" \/>\n<meta property=\"og:image\" content=\"http:\/\/gql.fus.mybluehost.me\/en\/wp-content\/themes\/thestation\/img\/indivservicepicts\/Sports.png\" \/>\n<meta name=\"twitter:card\" content=\"summary_large_image\" \/>\n<script type=\"application\/ld+json\" class=\"yoast-schema-graph\">{\"@context\":\"https:\/\/schema.org\",\"@graph\":[{\"@type\":\"WebSite\",\"@id\":\"http:\/\/gql.fus.mybluehost.me\/#website\",\"url\":\"http:\/\/gql.fus.mybluehost.me\/\",\"name\":\"Terapia F\\u00edsica Costa Rica y Rehabilitaci\\u00f3n Neurol\\u00f3gica - Dra. Lisa Riggioni\",\"description\":\"NeuroFT\",\"potentialAction\":[{\"@type\":\"SearchAction\",\"target\":{\"@type\":\"EntryPoint\",\"urlTemplate\":\"http:\/\/gql.fus.mybluehost.me\/?s={search_term_string}\"},\"query-input\":\"required name=search_term_string\"}],\"inLanguage\":\"en-US\"},{\"@type\":\"ImageObject\",\"@id\":\"https:\/\/neuroft.com\/en\/services\/sport-specific-rehabilitation\/#primaryimage\",\"inLanguage\":\"en-US\",\"url\":\"https:\/\/neuroft.com\/en\/wp-content\/themes\/thestation\/img\/indivservicepicts\/Sports.png\",\"contentUrl\":\"https:\/\/neuroft.com\/en\/wp-content\/themes\/thestation\/img\/indivservicepicts\/Sports.png\"},{\"@type\":\"WebPage\",\"@id\":\"https:\/\/neuroft.com\/en\/services\/sport-specific-rehabilitation\/#webpage\",\"url\":\"https:\/\/neuroft.com\/en\/services\/sport-specific-rehabilitation\/\",\"name\":\"Sports Rehabilitation - Terapia F\\u00edsica Costa Rica y Rehabilitaci\\u00f3n Neurol\\u00f3gica - Dra. Lisa Riggioni\",\"isPartOf\":{\"@id\":\"http:\/\/gql.fus.mybluehost.me\/#website\"},\"primaryImageOfPage\":{\"@id\":\"https:\/\/neuroft.com\/en\/services\/sport-specific-rehabilitation\/#primaryimage\"},\"datePublished\":\"2009-01-04T20:49:32+00:00\",\"dateModified\":\"2009-01-04T20:49:32+00:00\",\"breadcrumb\":{\"@id\":\"https:\/\/neuroft.com\/en\/services\/sport-specific-rehabilitation\/#breadcrumb\"},\"inLanguage\":\"en-US\",\"potentialAction\":[{\"@type\":\"ReadAction\",\"target\":[\"https:\/\/neuroft.com\/en\/services\/sport-specific-rehabilitation\/\"]}]},{\"@type\":\"BreadcrumbList\",\"@id\":\"https:\/\/neuroft.com\/en\/services\/sport-specific-rehabilitation\/#breadcrumb\",\"itemListElement\":[{\"@type\":\"ListItem\",\"position\":1,\"name\":\"Portada\",\"item\":\"http:\/\/gql.fus.mybluehost.me\/en\/\"},{\"@type\":\"ListItem\",\"position\":2,\"name\":\"Rehabilitation Services\",\"item\":\"http:\/\/gql.fus.mybluehost.me\/en\/services\/\"},{\"@type\":\"ListItem\",\"position\":3,\"name\":\"Sports Rehabilitation\"}]}]}<\/script>\n<!-- \/ Yoast SEO plugin. -->","yoast_head_json":{"title":"Sports Rehabilitation - Terapia F\u00edsica Costa Rica y Rehabilitaci\u00f3n Neurol\u00f3gica - Dra. Lisa Riggioni","robots":{"index":"index","follow":"follow","max-snippet":"max-snippet:-1","max-image-preview":"max-image-preview:large","max-video-preview":"max-video-preview:-1"},"canonical":"https:\/\/neuroft.com\/en\/services\/sport-specific-rehabilitation\/","og_locale":"en_US","og_type":"article","og_title":"Sports Rehabilitation - Terapia F\u00edsica Costa Rica y Rehabilitaci\u00f3n Neurol\u00f3gica - Dra. Lisa Riggioni","og_description":"We treat people with the following medical conditions: (including, but not limited to): Common Sport Injuries (include, but are not limited [...]","og_url":"https:\/\/neuroft.com\/en\/services\/sport-specific-rehabilitation\/","og_site_name":"Terapia F\u00edsica Costa Rica y Rehabilitaci\u00f3n Neurol\u00f3gica - Dra. Lisa Riggioni","article_publisher":"https:\/\/www.facebook.com\/NeuroFT\/","og_image":[{"url":"http:\/\/gql.fus.mybluehost.me\/en\/wp-content\/themes\/thestation\/img\/indivservicepicts\/Sports.png"}],"twitter_card":"summary_large_image","schema":{"@context":"https:\/\/schema.org","@graph":[{"@type":"WebSite","@id":"http:\/\/gql.fus.mybluehost.me\/#website","url":"http:\/\/gql.fus.mybluehost.me\/","name":"Terapia F\u00edsica Costa Rica y Rehabilitaci\u00f3n Neurol\u00f3gica - Dra. Lisa Riggioni","description":"NeuroFT","potentialAction":[{"@type":"SearchAction","target":{"@type":"EntryPoint","urlTemplate":"http:\/\/gql.fus.mybluehost.me\/?s={search_term_string}"},"query-input":"required name=search_term_string"}],"inLanguage":"en-US"},{"@type":"ImageObject","@id":"https:\/\/neuroft.com\/en\/services\/sport-specific-rehabilitation\/#primaryimage","inLanguage":"en-US","url":"https:\/\/neuroft.com\/en\/wp-content\/themes\/thestation\/img\/indivservicepicts\/Sports.png","contentUrl":"https:\/\/neuroft.com\/en\/wp-content\/themes\/thestation\/img\/indivservicepicts\/Sports.png"},{"@type":"WebPage","@id":"https:\/\/neuroft.com\/en\/services\/sport-specific-rehabilitation\/#webpage","url":"https:\/\/neuroft.com\/en\/services\/sport-specific-rehabilitation\/","name":"Sports Rehabilitation - Terapia F\u00edsica Costa Rica y Rehabilitaci\u00f3n Neurol\u00f3gica - Dra. Lisa Riggioni","isPartOf":{"@id":"http:\/\/gql.fus.mybluehost.me\/#website"},"primaryImageOfPage":{"@id":"https:\/\/neuroft.com\/en\/services\/sport-specific-rehabilitation\/#primaryimage"},"datePublished":"2009-01-04T20:49:32+00:00","dateModified":"2009-01-04T20:49:32+00:00","breadcrumb":{"@id":"https:\/\/neuroft.com\/en\/services\/sport-specific-rehabilitation\/#breadcrumb"},"inLanguage":"en-US","potentialAction":[{"@type":"ReadAction","target":["https:\/\/neuroft.com\/en\/services\/sport-specific-rehabilitation\/"]}]},{"@type":"BreadcrumbList","@id":"https:\/\/neuroft.com\/en\/services\/sport-specific-rehabilitation\/#breadcrumb","itemListElement":[{"@type":"ListItem","position":1,"name":"Portada","item":"http:\/\/gql.fus.mybluehost.me\/en\/"},{"@type":"ListItem","position":2,"name":"Rehabilitation Services","item":"http:\/\/gql.fus.mybluehost.me\/en\/services\/"},{"@type":"ListItem","position":3,"name":"Sports Rehabilitation"}]}]}},"_links":{"self":[{"href":"https:\/\/neuroft.com\/en\/wp-json\/wp\/v2\/pages\/196"}],"collection":[{"href":"https:\/\/neuroft.com\/en\/wp-json\/wp\/v2\/pages"}],"about":[{"href":"https:\/\/neuroft.com\/en\/wp-json\/wp\/v2\/types\/page"}],"author":[{"embeddable":true,"href":"https:\/\/neuroft.com\/en\/wp-json\/wp\/v2\/users\/1"}],"replies":[{"embeddable":true,"href":"https:\/\/neuroft.com\/en\/wp-json\/wp\/v2\/comments?post=196"}],"version-history":[{"count":0,"href":"https:\/\/neuroft.com\/en\/wp-json\/wp\/v2\/pages\/196\/revisions"}],"up":[{"embeddable":true,"href":"https:\/\/neuroft.com\/en\/wp-json\/wp\/v2\/pages\/4541"}],"wp:attachment":[{"href":"https:\/\/neuroft.com\/en\/wp-json\/wp\/v2\/media?parent=196"}],"curies":[{"name":"wp","href":"https:\/\/api.w.org\/{rel}","templated":true}]}}