{"id":198,"date":"2009-01-04T13:49:18","date_gmt":"2009-01-04T21:49:18","guid":{"rendered":"http:\/\/gql.fus.mybluehost.me\/en\/?page_id=198"},"modified":"2009-01-04T13:49:18","modified_gmt":"2009-01-04T21:49:18","slug":"rehabilitation-for-congenital-disorders","status":"publish","type":"page","link":"https:\/\/neuroft.com\/en\/services\/rehabilitation-for-congenital-disorders\/","title":{"rendered":"Pediatric Rehabilitation"},"content":{"rendered":"<p><strong><img class=\"alignright\" src=\"https:\/\/neuroft.com\/en\/wp-content\/themes\/thestation\/img\/indivservicepicts\/Pediatric.png\" alt=\"\" width=\"320\" height=\"200\" \/>We treat people with the following medical conditions: (including, but not limited to)<\/strong>:<\/p>\n<ul>\n<li>Congenital &amp; acquired conditions of childhood<\/li>\n<li><a title=\"Cerebral Palsy\" href=\"..\/..\/..\/..\/..\/archives\/45\" target=\"_blank\" rel=\"noopener\">Cerebral palsy<\/a><\/li>\n<li><a title=\"Muscular Dystrophy\" href=\"..\/..\/..\/..\/..\/archives\/87\">Muscular dystrophy<\/a><\/li>\n<li>Genetic disorders<\/li>\n<\/ul>\n<ul>\n<li>Congenital &amp; acquired conditions of adolescence and adulthood<\/li>\n<li><a title=\"Stroke\" href=\"..\/..\/..\/..\/..\/archives\/33\" target=\"_blank\" rel=\"noopener\">Cerebrovascular accident<\/a>,<\/li>\n<li><a title=\"TBI\" href=\"..\/..\/..\/..\/..\/archives\/88\">Traumatic brain injury<\/a><a title=\"Guillain-Barre Syndrome\" href=\"..\/..\/..\/..\/..\/archives\/38\" target=\"_blank\" rel=\"noopener\"><br \/>\n<\/a><\/li>\n<\/ul>\n<ul>\n<li>Congenital and Traumatic <a title=\"SCI\" href=\"..\/..\/..\/..\/..\/archives\/40\" target=\"_blank\" rel=\"noopener\">spinal cord injuries<\/a><\/li>\n<li><a title=\"Spina Bifida\" href=\"..\/..\/..\/..\/..\/archives\/39\" target=\"_blank\" rel=\"noopener\">Spina bifida<\/a><\/li>\n<li><a title=\"Syringomyelia\" href=\"..\/..\/..\/..\/..\/archives\/67\">Syringomyelia<\/a><\/li>\n<\/ul>\n<p><strong>We offer the following specialized and individualized rehabilitation services:<\/strong><\/p>\n<ul>\n<li><a title=\"Myofascial Release\" href=\"..\/..\/..\/..\/..\/archives\/47\" target=\"_blank\" rel=\"noopener\">Myofascial Release<\/a> (Barnes Method)<\/li>\n<li><a title=\"NDT\" href=\"..\/..\/..\/..\/..\/archives\/91\">NDT (neurodevelopmental treatment approach)<\/a><\/li>\n<li>Transcraneal magnetic stimulation (TMS) and neurological rehabilitacion as complementary treatment.<\/li>\n<li>Joint mobilizations (pain and inflammation, increase range of motion, capsular restrictions, improved biomechanical alignment)<\/li>\n<li>Habituation exercises specific to balance and vestibular dysfunction<\/li>\n<li>Individualized fall prevention programs<\/li>\n<li>Functional rehabilitation post neurological disorders<\/li>\n<li><a title=\"Canalith repositioning\" href=\"..\/..\/..\/..\/..\/archives\/80\">Canalith repositioning<\/a><\/li>\n<li>Postural re-education and instruction of proper body mechanics during activities of daily living<\/li>\n<\/ul>\n<p><strong>NeuroFT is committed to:<\/strong><\/p>\n<ul>\n<li>Fomenting a caring, compassionate environment to maximize the functional potential by responding creatively and professionally to individual needs.<\/li>\n<\/ul>\n<ul>\n<li>Providing high-quality and individualized physical therapy to those in need of specialized rehabilitation services.<\/li>\n<\/ul>\n<ul>\n<li>Extending professional physical therapy services to all patients, including provision of pro-bono services within the financial abilities of this practice.<\/li>\n<\/ul>\n<ul>\n<li>Enhancing the practice of physical therapy by providing educational opportunities and clinical experience for physical therapy students, patients, and the local community.<\/li>\n<\/ul>\n<ul>\n<li>Maintaining patient-centered approach that is the cornerstone of all patient interactions and decision-making processes.<\/li>\n<\/ul>\n","protected":false},"excerpt":{"rendered":"<p>We treat people with the following medical conditions: (including, but not limited to): Congenital &amp; acquired conditions of childhood Cerebral palsy  [&#8230;]<\/p>\n","protected":false},"author":1,"featured_media":0,"parent":4541,"menu_order":0,"comment_status":"closed","ping_status":"open","template":"","meta":[],"yoast_head":"<!-- This site is optimized with the Yoast SEO plugin v16.8 - https:\/\/yoast.com\/wordpress\/plugins\/seo\/ -->\n<title>Pediatric Rehabilitation - Terapia F\u00edsica Costa Rica y Rehabilitaci\u00f3n Neurol\u00f3gica - Dra. Lisa Riggioni<\/title>\n<meta name=\"robots\" content=\"index, follow, max-snippet:-1, max-image-preview:large, max-video-preview:-1\" \/>\n<link rel=\"canonical\" href=\"https:\/\/neuroft.com\/en\/services\/rehabilitation-for-congenital-disorders\/\" \/>\n<meta property=\"og:locale\" content=\"en_US\" \/>\n<meta property=\"og:type\" content=\"article\" \/>\n<meta property=\"og:title\" content=\"Pediatric Rehabilitation - Terapia F\u00edsica Costa Rica y Rehabilitaci\u00f3n Neurol\u00f3gica - Dra. Lisa Riggioni\" \/>\n<meta property=\"og:description\" content=\"We treat people with the following medical conditions: (including, but not limited to): Congenital &amp; acquired conditions of childhood Cerebral palsy [...]\" \/>\n<meta property=\"og:url\" content=\"https:\/\/neuroft.com\/en\/services\/rehabilitation-for-congenital-disorders\/\" \/>\n<meta property=\"og:site_name\" content=\"Terapia F\u00edsica Costa Rica y Rehabilitaci\u00f3n Neurol\u00f3gica - Dra. Lisa Riggioni\" \/>\n<meta property=\"article:publisher\" content=\"https:\/\/www.facebook.com\/NeuroFT\/\" \/>\n<meta property=\"og:image\" content=\"http:\/\/gql.fus.mybluehost.me\/en\/wp-content\/themes\/thestation\/img\/indivservicepicts\/Pediatric.png\" \/>\n<meta name=\"twitter:card\" content=\"summary_large_image\" \/>\n<script type=\"application\/ld+json\" class=\"yoast-schema-graph\">{\"@context\":\"https:\/\/schema.org\",\"@graph\":[{\"@type\":\"WebSite\",\"@id\":\"http:\/\/gql.fus.mybluehost.me\/#website\",\"url\":\"http:\/\/gql.fus.mybluehost.me\/\",\"name\":\"Terapia F\\u00edsica Costa Rica y Rehabilitaci\\u00f3n Neurol\\u00f3gica - Dra. Lisa Riggioni\",\"description\":\"NeuroFT\",\"potentialAction\":[{\"@type\":\"SearchAction\",\"target\":{\"@type\":\"EntryPoint\",\"urlTemplate\":\"http:\/\/gql.fus.mybluehost.me\/?s={search_term_string}\"},\"query-input\":\"required name=search_term_string\"}],\"inLanguage\":\"en-US\"},{\"@type\":\"ImageObject\",\"@id\":\"https:\/\/neuroft.com\/en\/services\/rehabilitation-for-congenital-disorders\/#primaryimage\",\"inLanguage\":\"en-US\",\"url\":\"https:\/\/neuroft.com\/en\/wp-content\/themes\/thestation\/img\/indivservicepicts\/Pediatric.png\",\"contentUrl\":\"https:\/\/neuroft.com\/en\/wp-content\/themes\/thestation\/img\/indivservicepicts\/Pediatric.png\"},{\"@type\":\"WebPage\",\"@id\":\"https:\/\/neuroft.com\/en\/services\/rehabilitation-for-congenital-disorders\/#webpage\",\"url\":\"https:\/\/neuroft.com\/en\/services\/rehabilitation-for-congenital-disorders\/\",\"name\":\"Pediatric Rehabilitation - Terapia F\\u00edsica Costa Rica y Rehabilitaci\\u00f3n Neurol\\u00f3gica - Dra. Lisa Riggioni\",\"isPartOf\":{\"@id\":\"http:\/\/gql.fus.mybluehost.me\/#website\"},\"primaryImageOfPage\":{\"@id\":\"https:\/\/neuroft.com\/en\/services\/rehabilitation-for-congenital-disorders\/#primaryimage\"},\"datePublished\":\"2009-01-04T21:49:18+00:00\",\"dateModified\":\"2009-01-04T21:49:18+00:00\",\"breadcrumb\":{\"@id\":\"https:\/\/neuroft.com\/en\/services\/rehabilitation-for-congenital-disorders\/#breadcrumb\"},\"inLanguage\":\"en-US\",\"potentialAction\":[{\"@type\":\"ReadAction\",\"target\":[\"https:\/\/neuroft.com\/en\/services\/rehabilitation-for-congenital-disorders\/\"]}]},{\"@type\":\"BreadcrumbList\",\"@id\":\"https:\/\/neuroft.com\/en\/services\/rehabilitation-for-congenital-disorders\/#breadcrumb\",\"itemListElement\":[{\"@type\":\"ListItem\",\"position\":1,\"name\":\"Portada\",\"item\":\"http:\/\/gql.fus.mybluehost.me\/en\/\"},{\"@type\":\"ListItem\",\"position\":2,\"name\":\"Rehabilitation Services\",\"item\":\"http:\/\/gql.fus.mybluehost.me\/en\/services\/\"},{\"@type\":\"ListItem\",\"position\":3,\"name\":\"Pediatric Rehabilitation\"}]}]}<\/script>\n<!-- \/ Yoast SEO plugin. -->","yoast_head_json":{"title":"Pediatric Rehabilitation - Terapia F\u00edsica Costa Rica y Rehabilitaci\u00f3n Neurol\u00f3gica - Dra. Lisa Riggioni","robots":{"index":"index","follow":"follow","max-snippet":"max-snippet:-1","max-image-preview":"max-image-preview:large","max-video-preview":"max-video-preview:-1"},"canonical":"https:\/\/neuroft.com\/en\/services\/rehabilitation-for-congenital-disorders\/","og_locale":"en_US","og_type":"article","og_title":"Pediatric Rehabilitation - Terapia F\u00edsica Costa Rica y Rehabilitaci\u00f3n Neurol\u00f3gica - Dra. Lisa Riggioni","og_description":"We treat people with the following medical conditions: (including, but not limited to): Congenital &amp; acquired conditions of childhood Cerebral palsy [...]","og_url":"https:\/\/neuroft.com\/en\/services\/rehabilitation-for-congenital-disorders\/","og_site_name":"Terapia F\u00edsica Costa Rica y Rehabilitaci\u00f3n Neurol\u00f3gica - Dra. Lisa Riggioni","article_publisher":"https:\/\/www.facebook.com\/NeuroFT\/","og_image":[{"url":"http:\/\/gql.fus.mybluehost.me\/en\/wp-content\/themes\/thestation\/img\/indivservicepicts\/Pediatric.png"}],"twitter_card":"summary_large_image","schema":{"@context":"https:\/\/schema.org","@graph":[{"@type":"WebSite","@id":"http:\/\/gql.fus.mybluehost.me\/#website","url":"http:\/\/gql.fus.mybluehost.me\/","name":"Terapia F\u00edsica Costa Rica y Rehabilitaci\u00f3n Neurol\u00f3gica - Dra. Lisa Riggioni","description":"NeuroFT","potentialAction":[{"@type":"SearchAction","target":{"@type":"EntryPoint","urlTemplate":"http:\/\/gql.fus.mybluehost.me\/?s={search_term_string}"},"query-input":"required name=search_term_string"}],"inLanguage":"en-US"},{"@type":"ImageObject","@id":"https:\/\/neuroft.com\/en\/services\/rehabilitation-for-congenital-disorders\/#primaryimage","inLanguage":"en-US","url":"https:\/\/neuroft.com\/en\/wp-content\/themes\/thestation\/img\/indivservicepicts\/Pediatric.png","contentUrl":"https:\/\/neuroft.com\/en\/wp-content\/themes\/thestation\/img\/indivservicepicts\/Pediatric.png"},{"@type":"WebPage","@id":"https:\/\/neuroft.com\/en\/services\/rehabilitation-for-congenital-disorders\/#webpage","url":"https:\/\/neuroft.com\/en\/services\/rehabilitation-for-congenital-disorders\/","name":"Pediatric Rehabilitation - Terapia F\u00edsica Costa Rica y Rehabilitaci\u00f3n Neurol\u00f3gica - Dra. Lisa Riggioni","isPartOf":{"@id":"http:\/\/gql.fus.mybluehost.me\/#website"},"primaryImageOfPage":{"@id":"https:\/\/neuroft.com\/en\/services\/rehabilitation-for-congenital-disorders\/#primaryimage"},"datePublished":"2009-01-04T21:49:18+00:00","dateModified":"2009-01-04T21:49:18+00:00","breadcrumb":{"@id":"https:\/\/neuroft.com\/en\/services\/rehabilitation-for-congenital-disorders\/#breadcrumb"},"inLanguage":"en-US","potentialAction":[{"@type":"ReadAction","target":["https:\/\/neuroft.com\/en\/services\/rehabilitation-for-congenital-disorders\/"]}]},{"@type":"BreadcrumbList","@id":"https:\/\/neuroft.com\/en\/services\/rehabilitation-for-congenital-disorders\/#breadcrumb","itemListElement":[{"@type":"ListItem","position":1,"name":"Portada","item":"http:\/\/gql.fus.mybluehost.me\/en\/"},{"@type":"ListItem","position":2,"name":"Rehabilitation Services","item":"http:\/\/gql.fus.mybluehost.me\/en\/services\/"},{"@type":"ListItem","position":3,"name":"Pediatric Rehabilitation"}]}]}},"_links":{"self":[{"href":"https:\/\/neuroft.com\/en\/wp-json\/wp\/v2\/pages\/198"}],"collection":[{"href":"https:\/\/neuroft.com\/en\/wp-json\/wp\/v2\/pages"}],"about":[{"href":"https:\/\/neuroft.com\/en\/wp-json\/wp\/v2\/types\/page"}],"author":[{"embeddable":true,"href":"https:\/\/neuroft.com\/en\/wp-json\/wp\/v2\/users\/1"}],"replies":[{"embeddable":true,"href":"https:\/\/neuroft.com\/en\/wp-json\/wp\/v2\/comments?post=198"}],"version-history":[{"count":0,"href":"https:\/\/neuroft.com\/en\/wp-json\/wp\/v2\/pages\/198\/revisions"}],"up":[{"embeddable":true,"href":"https:\/\/neuroft.com\/en\/wp-json\/wp\/v2\/pages\/4541"}],"wp:attachment":[{"href":"https:\/\/neuroft.com\/en\/wp-json\/wp\/v2\/media?parent=198"}],"curies":[{"name":"wp","href":"https:\/\/api.w.org\/{rel}","templated":true}]}}