{"id":218,"date":"2009-01-18T11:50:27","date_gmt":"2009-01-18T19:50:27","guid":{"rendered":"http:\/\/gql.fus.mybluehost.me\/en\/?page_id=218"},"modified":"2009-01-18T11:50:27","modified_gmt":"2009-01-18T19:50:27","slug":"5-what-is-a-ncs-neurologic-specialist-certification","status":"publish","type":"page","link":"https:\/\/neuroft.com\/en\/frequently-asked-questions\/5-what-is-a-ncs-neurologic-specialist-certification\/","title":{"rendered":"5. What is a NCS (Neurologic Specialist Certification)?"},"content":{"rendered":"<p><span style=\"font-weight: bold;\">5. What is a NCS (Neurologic Specialist Certification)?<\/span><\/p>\n<p>The American Physical Therapy Association (APTA), a national professional organization representing more than 66,000 members throughout the United States, established the specialist certification program in 1978. Specialization is the process by which a physical therapist builds on a broad base of professional education and practice to develop a greater depth of knowledge and skills related to neurology. Clinical specialization in physical therapy responds to a specific area of patient need and requires knowledge, skill, and experience exceeding that of the physical therapist at entry to the profession and unique to neurological rehabilitation. The specialist certification program was established to provide formal recognition for physical therapists with advanced clinical knowledge, experience, and skills in neurological rehabilitation and to assist consumers and the health care community in identifying these physical therapists. Currently, there are 535 neurologic clinical specialists worldwide (<a title=\"APTA\" href=\"..\/..\/..\/..\/..\/..\/www.apta.org\" target=\"_blank\" rel=\"noopener\">www.apta.org<\/a>)<\/p>\n","protected":false},"excerpt":{"rendered":"<p>5. What is a NCS (Neurologic Specialist Certification)? The American Physical Therapy Association (APTA), a national professional organization representing more than  [&#8230;]<\/p>\n","protected":false},"author":1,"featured_media":0,"parent":4542,"menu_order":5,"comment_status":"closed","ping_status":"open","template":"","meta":[],"yoast_head":"<!-- This site is optimized with the Yoast SEO plugin v16.8 - https:\/\/yoast.com\/wordpress\/plugins\/seo\/ -->\n<title>5. What is a NCS (Neurologic Specialist Certification)? - Terapia F\u00edsica Costa Rica y Rehabilitaci\u00f3n Neurol\u00f3gica - Dra. Lisa Riggioni<\/title>\n<meta name=\"robots\" content=\"index, follow, max-snippet:-1, max-image-preview:large, max-video-preview:-1\" \/>\n<link rel=\"canonical\" href=\"https:\/\/neuroft.com\/en\/frequently-asked-questions\/5-what-is-a-ncs-neurologic-specialist-certification\/\" \/>\n<meta property=\"og:locale\" content=\"en_US\" \/>\n<meta property=\"og:type\" content=\"article\" \/>\n<meta property=\"og:title\" content=\"5. What is a NCS (Neurologic Specialist Certification)? - Terapia F\u00edsica Costa Rica y Rehabilitaci\u00f3n Neurol\u00f3gica - Dra. Lisa Riggioni\" \/>\n<meta property=\"og:description\" content=\"5. What is a NCS (Neurologic Specialist Certification)? The American Physical Therapy Association (APTA), a national professional organization representing more than [...]\" \/>\n<meta property=\"og:url\" content=\"https:\/\/neuroft.com\/en\/frequently-asked-questions\/5-what-is-a-ncs-neurologic-specialist-certification\/\" \/>\n<meta property=\"og:site_name\" content=\"Terapia F\u00edsica Costa Rica y Rehabilitaci\u00f3n Neurol\u00f3gica - Dra. Lisa Riggioni\" \/>\n<meta property=\"article:publisher\" content=\"https:\/\/www.facebook.com\/NeuroFT\/\" \/>\n<meta name=\"twitter:card\" content=\"summary_large_image\" \/>\n<script type=\"application\/ld+json\" class=\"yoast-schema-graph\">{\"@context\":\"https:\/\/schema.org\",\"@graph\":[{\"@type\":\"WebSite\",\"@id\":\"http:\/\/gql.fus.mybluehost.me\/#website\",\"url\":\"http:\/\/gql.fus.mybluehost.me\/\",\"name\":\"Terapia F\\u00edsica Costa Rica y Rehabilitaci\\u00f3n Neurol\\u00f3gica - Dra. Lisa Riggioni\",\"description\":\"NeuroFT\",\"potentialAction\":[{\"@type\":\"SearchAction\",\"target\":{\"@type\":\"EntryPoint\",\"urlTemplate\":\"http:\/\/gql.fus.mybluehost.me\/?s={search_term_string}\"},\"query-input\":\"required name=search_term_string\"}],\"inLanguage\":\"en-US\"},{\"@type\":\"WebPage\",\"@id\":\"https:\/\/neuroft.com\/en\/frequently-asked-questions\/5-what-is-a-ncs-neurologic-specialist-certification\/#webpage\",\"url\":\"https:\/\/neuroft.com\/en\/frequently-asked-questions\/5-what-is-a-ncs-neurologic-specialist-certification\/\",\"name\":\"5. What is a NCS (Neurologic Specialist Certification)? - Terapia F\\u00edsica Costa Rica y Rehabilitaci\\u00f3n Neurol\\u00f3gica - Dra. Lisa Riggioni\",\"isPartOf\":{\"@id\":\"http:\/\/gql.fus.mybluehost.me\/#website\"},\"datePublished\":\"2009-01-18T19:50:27+00:00\",\"dateModified\":\"2009-01-18T19:50:27+00:00\",\"breadcrumb\":{\"@id\":\"https:\/\/neuroft.com\/en\/frequently-asked-questions\/5-what-is-a-ncs-neurologic-specialist-certification\/#breadcrumb\"},\"inLanguage\":\"en-US\",\"potentialAction\":[{\"@type\":\"ReadAction\",\"target\":[\"https:\/\/neuroft.com\/en\/frequently-asked-questions\/5-what-is-a-ncs-neurologic-specialist-certification\/\"]}]},{\"@type\":\"BreadcrumbList\",\"@id\":\"https:\/\/neuroft.com\/en\/frequently-asked-questions\/5-what-is-a-ncs-neurologic-specialist-certification\/#breadcrumb\",\"itemListElement\":[{\"@type\":\"ListItem\",\"position\":1,\"name\":\"Portada\",\"item\":\"http:\/\/gql.fus.mybluehost.me\/en\/\"},{\"@type\":\"ListItem\",\"position\":2,\"name\":\"FAQs\",\"item\":\"http:\/\/gql.fus.mybluehost.me\/en\/frequently-asked-questions\/\"},{\"@type\":\"ListItem\",\"position\":3,\"name\":\"5. What is a NCS (Neurologic Specialist Certification)?\"}]}]}<\/script>\n<!-- \/ Yoast SEO plugin. -->","yoast_head_json":{"title":"5. What is a NCS (Neurologic Specialist Certification)? - Terapia F\u00edsica Costa Rica y Rehabilitaci\u00f3n Neurol\u00f3gica - Dra. Lisa Riggioni","robots":{"index":"index","follow":"follow","max-snippet":"max-snippet:-1","max-image-preview":"max-image-preview:large","max-video-preview":"max-video-preview:-1"},"canonical":"https:\/\/neuroft.com\/en\/frequently-asked-questions\/5-what-is-a-ncs-neurologic-specialist-certification\/","og_locale":"en_US","og_type":"article","og_title":"5. What is a NCS (Neurologic Specialist Certification)? - Terapia F\u00edsica Costa Rica y Rehabilitaci\u00f3n Neurol\u00f3gica - Dra. Lisa Riggioni","og_description":"5. What is a NCS (Neurologic Specialist Certification)? The American Physical Therapy Association (APTA), a national professional organization representing more than [...]","og_url":"https:\/\/neuroft.com\/en\/frequently-asked-questions\/5-what-is-a-ncs-neurologic-specialist-certification\/","og_site_name":"Terapia F\u00edsica Costa Rica y Rehabilitaci\u00f3n Neurol\u00f3gica - Dra. Lisa Riggioni","article_publisher":"https:\/\/www.facebook.com\/NeuroFT\/","twitter_card":"summary_large_image","schema":{"@context":"https:\/\/schema.org","@graph":[{"@type":"WebSite","@id":"http:\/\/gql.fus.mybluehost.me\/#website","url":"http:\/\/gql.fus.mybluehost.me\/","name":"Terapia F\u00edsica Costa Rica y Rehabilitaci\u00f3n Neurol\u00f3gica - Dra. Lisa Riggioni","description":"NeuroFT","potentialAction":[{"@type":"SearchAction","target":{"@type":"EntryPoint","urlTemplate":"http:\/\/gql.fus.mybluehost.me\/?s={search_term_string}"},"query-input":"required name=search_term_string"}],"inLanguage":"en-US"},{"@type":"WebPage","@id":"https:\/\/neuroft.com\/en\/frequently-asked-questions\/5-what-is-a-ncs-neurologic-specialist-certification\/#webpage","url":"https:\/\/neuroft.com\/en\/frequently-asked-questions\/5-what-is-a-ncs-neurologic-specialist-certification\/","name":"5. What is a NCS (Neurologic Specialist Certification)? - Terapia F\u00edsica Costa Rica y Rehabilitaci\u00f3n Neurol\u00f3gica - Dra. Lisa Riggioni","isPartOf":{"@id":"http:\/\/gql.fus.mybluehost.me\/#website"},"datePublished":"2009-01-18T19:50:27+00:00","dateModified":"2009-01-18T19:50:27+00:00","breadcrumb":{"@id":"https:\/\/neuroft.com\/en\/frequently-asked-questions\/5-what-is-a-ncs-neurologic-specialist-certification\/#breadcrumb"},"inLanguage":"en-US","potentialAction":[{"@type":"ReadAction","target":["https:\/\/neuroft.com\/en\/frequently-asked-questions\/5-what-is-a-ncs-neurologic-specialist-certification\/"]}]},{"@type":"BreadcrumbList","@id":"https:\/\/neuroft.com\/en\/frequently-asked-questions\/5-what-is-a-ncs-neurologic-specialist-certification\/#breadcrumb","itemListElement":[{"@type":"ListItem","position":1,"name":"Portada","item":"http:\/\/gql.fus.mybluehost.me\/en\/"},{"@type":"ListItem","position":2,"name":"FAQs","item":"http:\/\/gql.fus.mybluehost.me\/en\/frequently-asked-questions\/"},{"@type":"ListItem","position":3,"name":"5. What is a NCS (Neurologic Specialist Certification)?"}]}]}},"_links":{"self":[{"href":"https:\/\/neuroft.com\/en\/wp-json\/wp\/v2\/pages\/218"}],"collection":[{"href":"https:\/\/neuroft.com\/en\/wp-json\/wp\/v2\/pages"}],"about":[{"href":"https:\/\/neuroft.com\/en\/wp-json\/wp\/v2\/types\/page"}],"author":[{"embeddable":true,"href":"https:\/\/neuroft.com\/en\/wp-json\/wp\/v2\/users\/1"}],"replies":[{"embeddable":true,"href":"https:\/\/neuroft.com\/en\/wp-json\/wp\/v2\/comments?post=218"}],"version-history":[{"count":0,"href":"https:\/\/neuroft.com\/en\/wp-json\/wp\/v2\/pages\/218\/revisions"}],"up":[{"embeddable":true,"href":"https:\/\/neuroft.com\/en\/wp-json\/wp\/v2\/pages\/4542"}],"wp:attachment":[{"href":"https:\/\/neuroft.com\/en\/wp-json\/wp\/v2\/media?parent=218"}],"curies":[{"name":"wp","href":"https:\/\/api.w.org\/{rel}","templated":true}]}}