{"id":4,"date":"2007-06-30T14:48:48","date_gmt":"2007-06-30T22:48:48","guid":{"rendered":"http:\/\/gql.fus.mybluehost.me\/en\/?page_id=4"},"modified":"2007-06-30T14:48:48","modified_gmt":"2007-06-30T22:48:48","slug":"contact","status":"publish","type":"page","link":"https:\/\/neuroft.com\/en\/contact\/","title":{"rendered":"Contact Us"},"content":{"rendered":"<p align=\"center\">Dr. Lisa Riggioni, DPT, NCS, NDT Certified<\/p>\n<p align=\"center\">E-mail: info@neuroft.com<\/p>\n<p align=\"center\">Tel. +(506) 4001-5375<\/p>\n<p align=\"center\">Plaza Itskatz\u00fa, Escaz\u00fa, In front of Hotel Courtyard Marriott (<a href=\"https:\/\/goo.gl\/maps\/XdGzcYudLFm\">https:\/\/goo.gl\/maps\/XdGzcYudLFm<\/a>)<\/p>\n<p align=\"center\">WAZE: (\u00a0<a href=\"https:\/\/waze.com\/ul\/hd1u0t4nev\">https:\/\/waze.com\/ul\/hd1u0t4nev<\/a>)<\/p>\n<p align=\"center\">25mts Southwest of &#8220;El Farolito&#8221; in Barrio Escalante &#8211; San Jos\u00e9, Costa Rica (<a href=\"https:\/\/goo.gl\/maps\/TPySV6egLpB2\">https:\/\/goo.gl\/maps\/TPySV6egLpB2<\/a>)<\/p>\n<p align=\"center\">\u00a0WAZE: <a title=\"WAZE neuroFT\" href=\"http:\/\/waze.to\/lr\/hd1u0x11cr\">http:\/\/waze.to\/lr\/hd1u0x11cr<\/a><\/p>\n<p style=\"text-align: center;\"><img src=\"https:\/\/neuroft.com\/en\/wp-content\/uploads\/mapaneuro.jpg\" alt=\"Map to NEUROFT\" width=\"466\" height=\"352\" \/><\/p>\n<p align=\"center\">[contact-form 1 &#8220;Contact form&#8221;]<\/p>\n","protected":false},"excerpt":{"rendered":"<p>Dr. Lisa Riggioni, DPT, NCS, NDT Certified E-mail: info@neuroft.com Tel. +(506) 4001-5375 Plaza Itskatz\u00fa, Escaz\u00fa, In front of Hotel Courtyard Marriott  [&#8230;]<\/p>\n","protected":false},"author":3,"featured_media":0,"parent":0,"menu_order":5,"comment_status":"closed","ping_status":"open","template":"","meta":[],"yoast_head":"<!-- This site is optimized with the Yoast SEO plugin v16.8 - https:\/\/yoast.com\/wordpress\/plugins\/seo\/ -->\n<title>Contact Us - Terapia F\u00edsica Costa Rica y Rehabilitaci\u00f3n Neurol\u00f3gica - Dra. Lisa Riggioni<\/title>\n<meta name=\"robots\" content=\"index, follow, max-snippet:-1, max-image-preview:large, max-video-preview:-1\" \/>\n<link rel=\"canonical\" href=\"https:\/\/neuroft.com\/en\/contact\/\" \/>\n<meta property=\"og:locale\" content=\"en_US\" \/>\n<meta property=\"og:type\" content=\"article\" \/>\n<meta property=\"og:title\" content=\"Contact Us - Terapia F\u00edsica Costa Rica y Rehabilitaci\u00f3n Neurol\u00f3gica - Dra. Lisa Riggioni\" \/>\n<meta property=\"og:description\" content=\"Dr. Lisa Riggioni, DPT, NCS, NDT Certified E-mail: info@neuroft.com Tel. +(506) 4001-5375 Plaza Itskatz\u00fa, Escaz\u00fa, In front of Hotel Courtyard Marriott [...]\" \/>\n<meta property=\"og:url\" content=\"https:\/\/neuroft.com\/en\/contact\/\" \/>\n<meta property=\"og:site_name\" content=\"Terapia F\u00edsica Costa Rica y Rehabilitaci\u00f3n Neurol\u00f3gica - Dra. Lisa Riggioni\" \/>\n<meta property=\"article:publisher\" content=\"https:\/\/www.facebook.com\/NeuroFT\/\" \/>\n<meta property=\"og:image\" content=\"http:\/\/gql.fus.mybluehost.me\/en\/wp-content\/uploads\/mapaneuro.jpg\" \/>\n<meta name=\"twitter:card\" content=\"summary_large_image\" \/>\n<script type=\"application\/ld+json\" class=\"yoast-schema-graph\">{\"@context\":\"https:\/\/schema.org\",\"@graph\":[{\"@type\":\"WebSite\",\"@id\":\"http:\/\/gql.fus.mybluehost.me\/#website\",\"url\":\"http:\/\/gql.fus.mybluehost.me\/\",\"name\":\"Terapia F\\u00edsica Costa Rica y Rehabilitaci\\u00f3n Neurol\\u00f3gica - Dra. Lisa Riggioni\",\"description\":\"NeuroFT\",\"potentialAction\":[{\"@type\":\"SearchAction\",\"target\":{\"@type\":\"EntryPoint\",\"urlTemplate\":\"http:\/\/gql.fus.mybluehost.me\/?s={search_term_string}\"},\"query-input\":\"required name=search_term_string\"}],\"inLanguage\":\"en-US\"},{\"@type\":\"ImageObject\",\"@id\":\"https:\/\/neuroft.com\/en\/contact\/#primaryimage\",\"inLanguage\":\"en-US\",\"url\":\"https:\/\/neuroft.com\/en\/wp-content\/uploads\/mapaneuro.jpg\",\"contentUrl\":\"https:\/\/neuroft.com\/en\/wp-content\/uploads\/mapaneuro.jpg\"},{\"@type\":\"WebPage\",\"@id\":\"https:\/\/neuroft.com\/en\/contact\/#webpage\",\"url\":\"https:\/\/neuroft.com\/en\/contact\/\",\"name\":\"Contact Us - Terapia F\\u00edsica Costa Rica y Rehabilitaci\\u00f3n Neurol\\u00f3gica - Dra. Lisa Riggioni\",\"isPartOf\":{\"@id\":\"http:\/\/gql.fus.mybluehost.me\/#website\"},\"primaryImageOfPage\":{\"@id\":\"https:\/\/neuroft.com\/en\/contact\/#primaryimage\"},\"datePublished\":\"2007-06-30T22:48:48+00:00\",\"dateModified\":\"2007-06-30T22:48:48+00:00\",\"breadcrumb\":{\"@id\":\"https:\/\/neuroft.com\/en\/contact\/#breadcrumb\"},\"inLanguage\":\"en-US\",\"potentialAction\":[{\"@type\":\"ReadAction\",\"target\":[\"https:\/\/neuroft.com\/en\/contact\/\"]}]},{\"@type\":\"BreadcrumbList\",\"@id\":\"https:\/\/neuroft.com\/en\/contact\/#breadcrumb\",\"itemListElement\":[{\"@type\":\"ListItem\",\"position\":1,\"name\":\"Portada\",\"item\":\"http:\/\/gql.fus.mybluehost.me\/en\/\"},{\"@type\":\"ListItem\",\"position\":2,\"name\":\"Contact Us\"}]}]}<\/script>\n<!-- \/ Yoast SEO plugin. -->","yoast_head_json":{"title":"Contact Us - Terapia F\u00edsica Costa Rica y Rehabilitaci\u00f3n Neurol\u00f3gica - Dra. Lisa Riggioni","robots":{"index":"index","follow":"follow","max-snippet":"max-snippet:-1","max-image-preview":"max-image-preview:large","max-video-preview":"max-video-preview:-1"},"canonical":"https:\/\/neuroft.com\/en\/contact\/","og_locale":"en_US","og_type":"article","og_title":"Contact Us - Terapia F\u00edsica Costa Rica y Rehabilitaci\u00f3n Neurol\u00f3gica - Dra. Lisa Riggioni","og_description":"Dr. Lisa Riggioni, DPT, NCS, NDT Certified E-mail: info@neuroft.com Tel. +(506) 4001-5375 Plaza Itskatz\u00fa, Escaz\u00fa, In front of Hotel Courtyard Marriott [...]","og_url":"https:\/\/neuroft.com\/en\/contact\/","og_site_name":"Terapia F\u00edsica Costa Rica y Rehabilitaci\u00f3n Neurol\u00f3gica - Dra. Lisa Riggioni","article_publisher":"https:\/\/www.facebook.com\/NeuroFT\/","og_image":[{"url":"http:\/\/gql.fus.mybluehost.me\/en\/wp-content\/uploads\/mapaneuro.jpg"}],"twitter_card":"summary_large_image","schema":{"@context":"https:\/\/schema.org","@graph":[{"@type":"WebSite","@id":"http:\/\/gql.fus.mybluehost.me\/#website","url":"http:\/\/gql.fus.mybluehost.me\/","name":"Terapia F\u00edsica Costa Rica y Rehabilitaci\u00f3n Neurol\u00f3gica - Dra. Lisa Riggioni","description":"NeuroFT","potentialAction":[{"@type":"SearchAction","target":{"@type":"EntryPoint","urlTemplate":"http:\/\/gql.fus.mybluehost.me\/?s={search_term_string}"},"query-input":"required name=search_term_string"}],"inLanguage":"en-US"},{"@type":"ImageObject","@id":"https:\/\/neuroft.com\/en\/contact\/#primaryimage","inLanguage":"en-US","url":"https:\/\/neuroft.com\/en\/wp-content\/uploads\/mapaneuro.jpg","contentUrl":"https:\/\/neuroft.com\/en\/wp-content\/uploads\/mapaneuro.jpg"},{"@type":"WebPage","@id":"https:\/\/neuroft.com\/en\/contact\/#webpage","url":"https:\/\/neuroft.com\/en\/contact\/","name":"Contact Us - Terapia F\u00edsica Costa Rica y Rehabilitaci\u00f3n Neurol\u00f3gica - Dra. Lisa Riggioni","isPartOf":{"@id":"http:\/\/gql.fus.mybluehost.me\/#website"},"primaryImageOfPage":{"@id":"https:\/\/neuroft.com\/en\/contact\/#primaryimage"},"datePublished":"2007-06-30T22:48:48+00:00","dateModified":"2007-06-30T22:48:48+00:00","breadcrumb":{"@id":"https:\/\/neuroft.com\/en\/contact\/#breadcrumb"},"inLanguage":"en-US","potentialAction":[{"@type":"ReadAction","target":["https:\/\/neuroft.com\/en\/contact\/"]}]},{"@type":"BreadcrumbList","@id":"https:\/\/neuroft.com\/en\/contact\/#breadcrumb","itemListElement":[{"@type":"ListItem","position":1,"name":"Portada","item":"http:\/\/gql.fus.mybluehost.me\/en\/"},{"@type":"ListItem","position":2,"name":"Contact Us"}]}]}},"_links":{"self":[{"href":"https:\/\/neuroft.com\/en\/wp-json\/wp\/v2\/pages\/4"}],"collection":[{"href":"https:\/\/neuroft.com\/en\/wp-json\/wp\/v2\/pages"}],"about":[{"href":"https:\/\/neuroft.com\/en\/wp-json\/wp\/v2\/types\/page"}],"author":[{"embeddable":true,"href":"https:\/\/neuroft.com\/en\/wp-json\/wp\/v2\/users\/3"}],"replies":[{"embeddable":true,"href":"https:\/\/neuroft.com\/en\/wp-json\/wp\/v2\/comments?post=4"}],"version-history":[{"count":0,"href":"https:\/\/neuroft.com\/en\/wp-json\/wp\/v2\/pages\/4\/revisions"}],"wp:attachment":[{"href":"https:\/\/neuroft.com\/en\/wp-json\/wp\/v2\/media?parent=4"}],"curies":[{"name":"wp","href":"https:\/\/api.w.org\/{rel}","templated":true}]}}