{"id":4676,"date":"2009-01-04T10:48:56","date_gmt":"2009-01-04T18:48:56","guid":{"rendered":"http:\/\/gql.fus.mybluehost.me\/en\/?page_id=193"},"modified":"2009-01-04T10:48:56","modified_gmt":"2009-01-04T18:48:56","slug":"neurological-treatment","status":"publish","type":"page","link":"https:\/\/neuroft.com\/en\/services\/neurological-treatment\/","title":{"rendered":"Neurological Rehabilitation"},"content":{"rendered":"<p><strong><img class=\"size-full wp-image-353 alignright\" title=\"Neuro\" src=\"https:\/\/neuroft.com\/en\/wp-content\/uploads\/2009\/01\/Neuro.png\" alt=\"Neuro\" width=\"323\" height=\"201\" \/>We treat people with the following medical conditions: (including but not limited to):<\/strong><\/p>\n<ul>\n<li><a title=\"Stroke\" href=\"..\/..\/..\/..\/..\/..\/archives\/33\" target=\"_blank\" rel=\"noopener noreferrer\">Cerebrovascular accident<\/a> or <a title=\"Stroke\" href=\"..\/..\/..\/..\/..\/..\/archives\/33\" target=\"_blank\" rel=\"noopener noreferrer\">Stroke<\/a> (<a title=\"Hemiplegia\" href=\"https:\/\/neuroft.com\/en\/hemiplegia\/\" target=\"_blank\" rel=\"noopener noreferrer\">hemiplegia<\/a>)<\/li>\n<li><a href=\"https:\/\/neuroft.com\/en\/traumatic-brain-injury\/\">Traumatic brain injury<\/a><\/li>\n<li>Progressive disorders of the Central Nervous System<\/li>\n<li><a href=\"https:\/\/neuroft.com\/en\/multiple-sclerosis\/\" target=\"_blank\" rel=\"noopener noreferrer\">Multiple Sclerosis<\/a><\/li>\n<li><a href=\"https:\/\/neuroft.com\/en\/what-is-parkinsons-disease\/\" target=\"_blank\" rel=\"noopener noreferrer\">Parkinson\u00e2\u20ac\u2122s Disease<\/a><\/li>\n<li>Traumatic and congenital <a title=\"SCI\" href=\"..\/..\/..\/..\/..\/..\/archives\/40\" target=\"_blank\" rel=\"noopener noreferrer\">spinal cord injury<\/a><\/li>\n<li><a title=\"Paraplegia\" href=\"..\/..\/..\/..\/..\/..\/archives\/43\" target=\"_blank\" rel=\"noopener noreferrer\">Paraplegia<\/a> &amp; <a title=\"Quadriplegia\" href=\"..\/..\/..\/..\/..\/..\/archives\/44\" target=\"_blank\" rel=\"noopener noreferrer\">Quadriplegia<\/a><\/li>\n<li><a title=\"Spina Bifida\" href=\"https:\/\/neuroft.com\/en\/spina-bifida-2\/\" target=\"_blank\" rel=\"noopener noreferrer\">Spina bifida<\/a><\/li>\n<li><a href=\"https:\/\/neuroft.com\/en\/complete-spinal-cord-injury-lesions\/\" target=\"_blank\" rel=\"noopener noreferrer\">Complete<\/a> spinal cord injury<\/li>\n<li><a title=\"Incomplete SCI\" href=\"https:\/\/neuroft.com\/en\/incomplete-spinal-cord-injury-lesions\/\" target=\"_blank\" rel=\"noopener noreferrer\">Incomplete<\/a> spinal cord injury<\/li>\n<li><a href=\"https:\/\/neuroft.com\/en\/syringomyelia\/\">Syringomyelia<\/a><\/li>\n<li>Movement disorders (<a title=\"Dysmetria\" href=\"https:\/\/neuroft.com\/en\/dysmetria\/\" target=\"_blank\" rel=\"noopener noreferrer\">dysmetria<\/a>, <a title=\"Ataxia\" href=\"https:\/\/neuroft.com\/en\/ataxia\/\" target=\"_blank\" rel=\"noopener noreferrer\">ataxia<\/a>, <a title=\"Dyskinesia\" href=\"..\/..\/..\/..\/..\/..\/archives\/90\">dyskinesias<\/a> (chorea), <a title=\"Apraxia\" href=\"https:\/\/neuroft.com\/en\/apraxia\/\">apraxia<\/a>, <a title=\"Dysdiadochokinesia\" href=\"https:\/\/neuroft.com\/en\/dysdiadochokinesia\/\" target=\"_blank\" rel=\"noopener noreferrer\">dysdiadochokinesia<\/a>)<\/li>\n<li>Management of <a title=\"Spasticity\" href=\"https:\/\/neuroft.com\/en\/spasticity\/\" target=\"_blank\" rel=\"noopener noreferrer\">spasticity<\/a><\/li>\n<\/ul>\n<p><strong>We offer the following specialized and individualized rehabilitation services:<\/strong><\/p>\n<ul>\n<li><a title=\"Myofascial Release\" href=\"..\/..\/..\/..\/..\/archives\/47\" target=\"_blank\" rel=\"noopener noreferrer\">Myofascial Release<\/a> (Barnes Method)<\/li>\n<li><a title=\"NDT\" href=\"..\/..\/..\/..\/..\/archives\/91\">NDT (neurodevelopmental treatment approach)<\/a><\/li>\n<li>Transcranial magnetic stimulation  (TMS) and neurological rehabilitation services<\/li>\n<li>Habituation exercises specific to balance and vestibular dysfunction<\/li>\n<li>Individualized fall prevention programs<\/li>\n<li>Functional rehabilitation post neurological disorders<\/li>\n<li><a title=\"Canalith repositioning\" href=\"..\/..\/..\/..\/..\/archives\/80\">Canalith repositioning<\/a><\/li>\n<li>Postural re-education and instruction of proper body mechanics during activities of daily living<\/li>\n<\/ul>\n<p><strong>NeuroFT is committed to:<\/strong><\/p>\n<ul>\n<li>Fomenting a caring, compassionate environment to maximize the functional potential by responding creatively and professionally to individual needs.<\/li>\n<\/ul>\n<ul>\n<li>Providing high-quality and individualized physical therapy to those in need of specialized rehabilitation services.<\/li>\n<\/ul>\n<ul>\n<li>Extending professional physical therapy services to all patients, including provision of pro-bono services within the financial abilities of this practice.<\/li>\n<\/ul>\n<ul>\n<li>Enhancing the practice of physical therapy by providing educational opportunities and clinical experience for physical therapy students, patients, and the local community.<\/li>\n<\/ul>\n<ul>\n<li>Maintaining patient-centered approach that is the cornerstone of all patient interactions and decision-making processes.<\/li>\n<\/ul>\n","protected":false},"excerpt":{"rendered":"<p>We treat people with the following medical conditions: (including but not limited to): Cerebrovascular accident or Stroke (hemiplegia) Traumatic brain injury  [&#8230;]<\/p>\n","protected":false},"author":3,"featured_media":0,"parent":4541,"menu_order":0,"comment_status":"closed","ping_status":"open","template":"","meta":[],"yoast_head":"<!-- This site is optimized with the Yoast SEO plugin v16.8 - https:\/\/yoast.com\/wordpress\/plugins\/seo\/ -->\n<title>Neurological Rehabilitation - Terapia F\u00edsica Costa Rica y Rehabilitaci\u00f3n Neurol\u00f3gica - Dra. Lisa Riggioni<\/title>\n<meta name=\"robots\" content=\"index, follow, max-snippet:-1, max-image-preview:large, max-video-preview:-1\" \/>\n<link rel=\"canonical\" href=\"https:\/\/neuroft.com\/en\/services\/neurological-treatment\/\" \/>\n<meta property=\"og:locale\" content=\"en_US\" \/>\n<meta property=\"og:type\" content=\"article\" \/>\n<meta property=\"og:title\" content=\"Neurological Rehabilitation - Terapia F\u00edsica Costa Rica y Rehabilitaci\u00f3n Neurol\u00f3gica - Dra. Lisa Riggioni\" \/>\n<meta property=\"og:description\" content=\"We treat people with the following medical conditions: (including but not limited to): Cerebrovascular accident or Stroke (hemiplegia) Traumatic brain injury [...]\" \/>\n<meta property=\"og:url\" content=\"https:\/\/neuroft.com\/en\/services\/neurological-treatment\/\" \/>\n<meta property=\"og:site_name\" content=\"Terapia F\u00edsica Costa Rica y Rehabilitaci\u00f3n Neurol\u00f3gica - Dra. Lisa Riggioni\" \/>\n<meta property=\"article:publisher\" content=\"https:\/\/www.facebook.com\/NeuroFT\/\" \/>\n<meta property=\"og:image\" content=\"http:\/\/gql.fus.mybluehost.me\/en\/wp-content\/uploads\/2009\/01\/Neuro.png\" \/>\n<meta name=\"twitter:card\" content=\"summary_large_image\" \/>\n<script type=\"application\/ld+json\" class=\"yoast-schema-graph\">{\"@context\":\"https:\/\/schema.org\",\"@graph\":[{\"@type\":\"WebSite\",\"@id\":\"http:\/\/gql.fus.mybluehost.me\/#website\",\"url\":\"http:\/\/gql.fus.mybluehost.me\/\",\"name\":\"Terapia F\\u00edsica Costa Rica y Rehabilitaci\\u00f3n Neurol\\u00f3gica - Dra. Lisa Riggioni\",\"description\":\"NeuroFT\",\"potentialAction\":[{\"@type\":\"SearchAction\",\"target\":{\"@type\":\"EntryPoint\",\"urlTemplate\":\"http:\/\/gql.fus.mybluehost.me\/?s={search_term_string}\"},\"query-input\":\"required name=search_term_string\"}],\"inLanguage\":\"en-US\"},{\"@type\":\"ImageObject\",\"@id\":\"https:\/\/neuroft.com\/en\/services\/neurological-treatment\/#primaryimage\",\"inLanguage\":\"en-US\",\"url\":\"https:\/\/neuroft.com\/en\/wp-content\/uploads\/2009\/01\/Neuro.png\",\"contentUrl\":\"https:\/\/neuroft.com\/en\/wp-content\/uploads\/2009\/01\/Neuro.png\"},{\"@type\":\"WebPage\",\"@id\":\"https:\/\/neuroft.com\/en\/services\/neurological-treatment\/#webpage\",\"url\":\"https:\/\/neuroft.com\/en\/services\/neurological-treatment\/\",\"name\":\"Neurological Rehabilitation - Terapia F\\u00edsica Costa Rica y Rehabilitaci\\u00f3n Neurol\\u00f3gica - Dra. Lisa Riggioni\",\"isPartOf\":{\"@id\":\"http:\/\/gql.fus.mybluehost.me\/#website\"},\"primaryImageOfPage\":{\"@id\":\"https:\/\/neuroft.com\/en\/services\/neurological-treatment\/#primaryimage\"},\"datePublished\":\"2009-01-04T18:48:56+00:00\",\"dateModified\":\"2009-01-04T18:48:56+00:00\",\"breadcrumb\":{\"@id\":\"https:\/\/neuroft.com\/en\/services\/neurological-treatment\/#breadcrumb\"},\"inLanguage\":\"en-US\",\"potentialAction\":[{\"@type\":\"ReadAction\",\"target\":[\"https:\/\/neuroft.com\/en\/services\/neurological-treatment\/\"]}]},{\"@type\":\"BreadcrumbList\",\"@id\":\"https:\/\/neuroft.com\/en\/services\/neurological-treatment\/#breadcrumb\",\"itemListElement\":[{\"@type\":\"ListItem\",\"position\":1,\"name\":\"Portada\",\"item\":\"http:\/\/gql.fus.mybluehost.me\/en\/\"},{\"@type\":\"ListItem\",\"position\":2,\"name\":\"Rehabilitation Services\",\"item\":\"http:\/\/gql.fus.mybluehost.me\/en\/services\/\"},{\"@type\":\"ListItem\",\"position\":3,\"name\":\"Neurological Rehabilitation\"}]}]}<\/script>\n<!-- \/ Yoast SEO plugin. -->","yoast_head_json":{"title":"Neurological Rehabilitation - Terapia F\u00edsica Costa Rica y Rehabilitaci\u00f3n Neurol\u00f3gica - Dra. Lisa Riggioni","robots":{"index":"index","follow":"follow","max-snippet":"max-snippet:-1","max-image-preview":"max-image-preview:large","max-video-preview":"max-video-preview:-1"},"canonical":"https:\/\/neuroft.com\/en\/services\/neurological-treatment\/","og_locale":"en_US","og_type":"article","og_title":"Neurological Rehabilitation - Terapia F\u00edsica Costa Rica y Rehabilitaci\u00f3n Neurol\u00f3gica - Dra. Lisa Riggioni","og_description":"We treat people with the following medical conditions: (including but not limited to): Cerebrovascular accident or Stroke (hemiplegia) Traumatic brain injury [...]","og_url":"https:\/\/neuroft.com\/en\/services\/neurological-treatment\/","og_site_name":"Terapia F\u00edsica Costa Rica y Rehabilitaci\u00f3n Neurol\u00f3gica - Dra. Lisa Riggioni","article_publisher":"https:\/\/www.facebook.com\/NeuroFT\/","og_image":[{"url":"http:\/\/gql.fus.mybluehost.me\/en\/wp-content\/uploads\/2009\/01\/Neuro.png"}],"twitter_card":"summary_large_image","schema":{"@context":"https:\/\/schema.org","@graph":[{"@type":"WebSite","@id":"http:\/\/gql.fus.mybluehost.me\/#website","url":"http:\/\/gql.fus.mybluehost.me\/","name":"Terapia F\u00edsica Costa Rica y Rehabilitaci\u00f3n Neurol\u00f3gica - Dra. Lisa Riggioni","description":"NeuroFT","potentialAction":[{"@type":"SearchAction","target":{"@type":"EntryPoint","urlTemplate":"http:\/\/gql.fus.mybluehost.me\/?s={search_term_string}"},"query-input":"required name=search_term_string"}],"inLanguage":"en-US"},{"@type":"ImageObject","@id":"https:\/\/neuroft.com\/en\/services\/neurological-treatment\/#primaryimage","inLanguage":"en-US","url":"https:\/\/neuroft.com\/en\/wp-content\/uploads\/2009\/01\/Neuro.png","contentUrl":"https:\/\/neuroft.com\/en\/wp-content\/uploads\/2009\/01\/Neuro.png"},{"@type":"WebPage","@id":"https:\/\/neuroft.com\/en\/services\/neurological-treatment\/#webpage","url":"https:\/\/neuroft.com\/en\/services\/neurological-treatment\/","name":"Neurological Rehabilitation - Terapia F\u00edsica Costa Rica y Rehabilitaci\u00f3n Neurol\u00f3gica - Dra. Lisa Riggioni","isPartOf":{"@id":"http:\/\/gql.fus.mybluehost.me\/#website"},"primaryImageOfPage":{"@id":"https:\/\/neuroft.com\/en\/services\/neurological-treatment\/#primaryimage"},"datePublished":"2009-01-04T18:48:56+00:00","dateModified":"2009-01-04T18:48:56+00:00","breadcrumb":{"@id":"https:\/\/neuroft.com\/en\/services\/neurological-treatment\/#breadcrumb"},"inLanguage":"en-US","potentialAction":[{"@type":"ReadAction","target":["https:\/\/neuroft.com\/en\/services\/neurological-treatment\/"]}]},{"@type":"BreadcrumbList","@id":"https:\/\/neuroft.com\/en\/services\/neurological-treatment\/#breadcrumb","itemListElement":[{"@type":"ListItem","position":1,"name":"Portada","item":"http:\/\/gql.fus.mybluehost.me\/en\/"},{"@type":"ListItem","position":2,"name":"Rehabilitation Services","item":"http:\/\/gql.fus.mybluehost.me\/en\/services\/"},{"@type":"ListItem","position":3,"name":"Neurological Rehabilitation"}]}]}},"_links":{"self":[{"href":"https:\/\/neuroft.com\/en\/wp-json\/wp\/v2\/pages\/4676"}],"collection":[{"href":"https:\/\/neuroft.com\/en\/wp-json\/wp\/v2\/pages"}],"about":[{"href":"https:\/\/neuroft.com\/en\/wp-json\/wp\/v2\/types\/page"}],"author":[{"embeddable":true,"href":"https:\/\/neuroft.com\/en\/wp-json\/wp\/v2\/users\/3"}],"replies":[{"embeddable":true,"href":"https:\/\/neuroft.com\/en\/wp-json\/wp\/v2\/comments?post=4676"}],"version-history":[{"count":0,"href":"https:\/\/neuroft.com\/en\/wp-json\/wp\/v2\/pages\/4676\/revisions"}],"up":[{"embeddable":true,"href":"https:\/\/neuroft.com\/en\/wp-json\/wp\/v2\/pages\/4541"}],"wp:attachment":[{"href":"https:\/\/neuroft.com\/en\/wp-json\/wp\/v2\/media?parent=4676"}],"curies":[{"name":"wp","href":"https:\/\/api.w.org\/{rel}","templated":true}]}}