{"id":4677,"date":"2009-01-04T13:38:41","date_gmt":"2009-01-04T21:38:41","guid":{"rendered":"http:\/\/gql.fus.mybluehost.me\/en\/?page_id=197"},"modified":"2009-01-04T13:38:41","modified_gmt":"2009-01-04T21:38:41","slug":"pain-management","status":"publish","type":"page","link":"https:\/\/neuroft.com\/en\/services\/pain-management\/","title":{"rendered":"Pain Management"},"content":{"rendered":"<p><strong><img class=\"alignright\" src=\"https:\/\/neuroft.com\/en\/wp-content\/themes\/thestation\/img\/indivservicepicts\/Pain.png\" alt=\"\" width=\"320\" height=\"200\" \/>We treat people with the following medical conditions: (including, but not limited to)<\/strong><\/p>\n<ul>\n<li>Nociceptive (tissue) pain (somatic &amp; visceral)<\/li>\n<li>Acute pain<\/li>\n<li><a title=\"Chronic pain\" href=\"..\/..\/..\/..\/..\/..\/archives\/category\/chronic-pain\">Chronic pain<\/a><\/li>\n<li><a title=\"https:\/\/neuroft.com\/en\/archives\/135\" href=\"..\/..\/..\/..\/..\/..\/wp-admin\/Sciatic%20nerve%20pain\">Neuropathic pain<\/a> (nerve pain)<\/li>\n<li>Musculoskeletal pain<\/li>\n<li>Miofascial pain<\/li>\n<li>Acute or chronic peripheral neuropathies<\/li>\n<\/ul>\n<p><strong>We offer the following specialized and individualized rehabilitation services:<\/strong><\/p>\n<ul>\n<li><a title=\"Myofascial Release\" href=\"https:\/\/neuroft.com\/en\/myofascial-release\/\" target=\"_blank\" rel=\"noopener noreferrer\">Myofascial Release<\/a> (Barnes Method)<\/li>\n<li><a href=\"https:\/\/neuroft.com\/en\/neurodevelopmental-treatment-approach\/\">NDT (neurodevelopmental treatment approach)<\/a><\/li>\n<li>Transcraneal magnetic stimulation (TMS) &amp; neurological rehabilitation.<\/li>\n<li>Joint mobilizations (pain and inflammation, increase range of motion, capsular restrictions, improved biomechanical alignment)<\/li>\n<li>Habituation exercises specific to balance and vestibular dysfunction<\/li>\n<li>Individualized fall prevention programs<\/li>\n<li>Functional rehabilitation post neurological disorders<\/li>\n<li><a href=\"https:\/\/neuroft.com\/en\/the-canalith-repositioning-procedure\/\">Canalith repositioning<\/a><\/li>\n<li>Postural re-education and instruction of proper body mechanics during activities of daily living<\/li>\n<\/ul>\n<p><strong>NeuroFT is committed to:<\/strong><\/p>\n<ul>\n<li>Fomenting a caring, compassionate environment to maximize the functional potential by responding creatively and professionally to individual needs.<\/li>\n<\/ul>\n<ul>\n<li>Providing high-quality and individualized physical therapy to those in need of specialized rehabilitation services.<\/li>\n<\/ul>\n<ul>\n<li>Extending professional physical therapy services to all patients, including provision of pro-bono services within the financial abilities of this practice.<\/li>\n<\/ul>\n<ul>\n<li>Enhancing the practice of physical therapy by providing educational opportunities and clinical experience for physical therapy students, patients, and the local community.<\/li>\n<\/ul>\n<ul>\n<li>Maintaining patient-centered approach that is the cornerstone of all patient interactions and decision-making processes.<\/li>\n<\/ul>\n","protected":false},"excerpt":{"rendered":"<p>We treat people with the following medical conditions: (including, but not limited to) Nociceptive (tissue) pain (somatic &amp; visceral) Acute pain  [&#8230;]<\/p>\n","protected":false},"author":3,"featured_media":0,"parent":4541,"menu_order":0,"comment_status":"closed","ping_status":"open","template":"","meta":[],"yoast_head":"<!-- This site is optimized with the Yoast SEO plugin v16.8 - https:\/\/yoast.com\/wordpress\/plugins\/seo\/ -->\n<title>Pain Management - Terapia F\u00edsica Costa Rica y Rehabilitaci\u00f3n Neurol\u00f3gica - Dra. Lisa Riggioni<\/title>\n<meta name=\"robots\" content=\"index, follow, max-snippet:-1, max-image-preview:large, max-video-preview:-1\" \/>\n<link rel=\"canonical\" href=\"https:\/\/neuroft.com\/en\/services\/pain-management\/\" \/>\n<meta property=\"og:locale\" content=\"en_US\" \/>\n<meta property=\"og:type\" content=\"article\" \/>\n<meta property=\"og:title\" content=\"Pain Management - Terapia F\u00edsica Costa Rica y Rehabilitaci\u00f3n Neurol\u00f3gica - Dra. Lisa Riggioni\" \/>\n<meta property=\"og:description\" content=\"We treat people with the following medical conditions: (including, but not limited to) Nociceptive (tissue) pain (somatic &amp; visceral) Acute pain [...]\" \/>\n<meta property=\"og:url\" content=\"https:\/\/neuroft.com\/en\/services\/pain-management\/\" \/>\n<meta property=\"og:site_name\" content=\"Terapia F\u00edsica Costa Rica y Rehabilitaci\u00f3n Neurol\u00f3gica - Dra. Lisa Riggioni\" \/>\n<meta property=\"article:publisher\" content=\"https:\/\/www.facebook.com\/NeuroFT\/\" \/>\n<meta property=\"og:image\" content=\"http:\/\/gql.fus.mybluehost.me\/en\/wp-content\/themes\/thestation\/img\/indivservicepicts\/Pain.png\" \/>\n<meta name=\"twitter:card\" content=\"summary_large_image\" \/>\n<script type=\"application\/ld+json\" class=\"yoast-schema-graph\">{\"@context\":\"https:\/\/schema.org\",\"@graph\":[{\"@type\":\"WebSite\",\"@id\":\"http:\/\/gql.fus.mybluehost.me\/#website\",\"url\":\"http:\/\/gql.fus.mybluehost.me\/\",\"name\":\"Terapia F\\u00edsica Costa Rica y Rehabilitaci\\u00f3n Neurol\\u00f3gica - Dra. Lisa Riggioni\",\"description\":\"NeuroFT\",\"potentialAction\":[{\"@type\":\"SearchAction\",\"target\":{\"@type\":\"EntryPoint\",\"urlTemplate\":\"http:\/\/gql.fus.mybluehost.me\/?s={search_term_string}\"},\"query-input\":\"required name=search_term_string\"}],\"inLanguage\":\"en-US\"},{\"@type\":\"ImageObject\",\"@id\":\"https:\/\/neuroft.com\/en\/services\/pain-management\/#primaryimage\",\"inLanguage\":\"en-US\",\"url\":\"https:\/\/neuroft.com\/en\/wp-content\/themes\/thestation\/img\/indivservicepicts\/Pain.png\",\"contentUrl\":\"https:\/\/neuroft.com\/en\/wp-content\/themes\/thestation\/img\/indivservicepicts\/Pain.png\"},{\"@type\":\"WebPage\",\"@id\":\"https:\/\/neuroft.com\/en\/services\/pain-management\/#webpage\",\"url\":\"https:\/\/neuroft.com\/en\/services\/pain-management\/\",\"name\":\"Pain Management - Terapia F\\u00edsica Costa Rica y Rehabilitaci\\u00f3n Neurol\\u00f3gica - Dra. Lisa Riggioni\",\"isPartOf\":{\"@id\":\"http:\/\/gql.fus.mybluehost.me\/#website\"},\"primaryImageOfPage\":{\"@id\":\"https:\/\/neuroft.com\/en\/services\/pain-management\/#primaryimage\"},\"datePublished\":\"2009-01-04T21:38:41+00:00\",\"dateModified\":\"2009-01-04T21:38:41+00:00\",\"breadcrumb\":{\"@id\":\"https:\/\/neuroft.com\/en\/services\/pain-management\/#breadcrumb\"},\"inLanguage\":\"en-US\",\"potentialAction\":[{\"@type\":\"ReadAction\",\"target\":[\"https:\/\/neuroft.com\/en\/services\/pain-management\/\"]}]},{\"@type\":\"BreadcrumbList\",\"@id\":\"https:\/\/neuroft.com\/en\/services\/pain-management\/#breadcrumb\",\"itemListElement\":[{\"@type\":\"ListItem\",\"position\":1,\"name\":\"Portada\",\"item\":\"http:\/\/gql.fus.mybluehost.me\/en\/\"},{\"@type\":\"ListItem\",\"position\":2,\"name\":\"Rehabilitation Services\",\"item\":\"http:\/\/gql.fus.mybluehost.me\/en\/services\/\"},{\"@type\":\"ListItem\",\"position\":3,\"name\":\"Pain Management\"}]}]}<\/script>\n<!-- \/ Yoast SEO plugin. -->","yoast_head_json":{"title":"Pain Management - Terapia F\u00edsica Costa Rica y Rehabilitaci\u00f3n Neurol\u00f3gica - Dra. Lisa Riggioni","robots":{"index":"index","follow":"follow","max-snippet":"max-snippet:-1","max-image-preview":"max-image-preview:large","max-video-preview":"max-video-preview:-1"},"canonical":"https:\/\/neuroft.com\/en\/services\/pain-management\/","og_locale":"en_US","og_type":"article","og_title":"Pain Management - Terapia F\u00edsica Costa Rica y Rehabilitaci\u00f3n Neurol\u00f3gica - Dra. Lisa Riggioni","og_description":"We treat people with the following medical conditions: (including, but not limited to) Nociceptive (tissue) pain (somatic &amp; visceral) Acute pain [...]","og_url":"https:\/\/neuroft.com\/en\/services\/pain-management\/","og_site_name":"Terapia F\u00edsica Costa Rica y Rehabilitaci\u00f3n Neurol\u00f3gica - Dra. Lisa Riggioni","article_publisher":"https:\/\/www.facebook.com\/NeuroFT\/","og_image":[{"url":"http:\/\/gql.fus.mybluehost.me\/en\/wp-content\/themes\/thestation\/img\/indivservicepicts\/Pain.png"}],"twitter_card":"summary_large_image","schema":{"@context":"https:\/\/schema.org","@graph":[{"@type":"WebSite","@id":"http:\/\/gql.fus.mybluehost.me\/#website","url":"http:\/\/gql.fus.mybluehost.me\/","name":"Terapia F\u00edsica Costa Rica y Rehabilitaci\u00f3n Neurol\u00f3gica - Dra. Lisa Riggioni","description":"NeuroFT","potentialAction":[{"@type":"SearchAction","target":{"@type":"EntryPoint","urlTemplate":"http:\/\/gql.fus.mybluehost.me\/?s={search_term_string}"},"query-input":"required name=search_term_string"}],"inLanguage":"en-US"},{"@type":"ImageObject","@id":"https:\/\/neuroft.com\/en\/services\/pain-management\/#primaryimage","inLanguage":"en-US","url":"https:\/\/neuroft.com\/en\/wp-content\/themes\/thestation\/img\/indivservicepicts\/Pain.png","contentUrl":"https:\/\/neuroft.com\/en\/wp-content\/themes\/thestation\/img\/indivservicepicts\/Pain.png"},{"@type":"WebPage","@id":"https:\/\/neuroft.com\/en\/services\/pain-management\/#webpage","url":"https:\/\/neuroft.com\/en\/services\/pain-management\/","name":"Pain Management - Terapia F\u00edsica Costa Rica y Rehabilitaci\u00f3n Neurol\u00f3gica - Dra. Lisa Riggioni","isPartOf":{"@id":"http:\/\/gql.fus.mybluehost.me\/#website"},"primaryImageOfPage":{"@id":"https:\/\/neuroft.com\/en\/services\/pain-management\/#primaryimage"},"datePublished":"2009-01-04T21:38:41+00:00","dateModified":"2009-01-04T21:38:41+00:00","breadcrumb":{"@id":"https:\/\/neuroft.com\/en\/services\/pain-management\/#breadcrumb"},"inLanguage":"en-US","potentialAction":[{"@type":"ReadAction","target":["https:\/\/neuroft.com\/en\/services\/pain-management\/"]}]},{"@type":"BreadcrumbList","@id":"https:\/\/neuroft.com\/en\/services\/pain-management\/#breadcrumb","itemListElement":[{"@type":"ListItem","position":1,"name":"Portada","item":"http:\/\/gql.fus.mybluehost.me\/en\/"},{"@type":"ListItem","position":2,"name":"Rehabilitation Services","item":"http:\/\/gql.fus.mybluehost.me\/en\/services\/"},{"@type":"ListItem","position":3,"name":"Pain Management"}]}]}},"_links":{"self":[{"href":"https:\/\/neuroft.com\/en\/wp-json\/wp\/v2\/pages\/4677"}],"collection":[{"href":"https:\/\/neuroft.com\/en\/wp-json\/wp\/v2\/pages"}],"about":[{"href":"https:\/\/neuroft.com\/en\/wp-json\/wp\/v2\/types\/page"}],"author":[{"embeddable":true,"href":"https:\/\/neuroft.com\/en\/wp-json\/wp\/v2\/users\/3"}],"replies":[{"embeddable":true,"href":"https:\/\/neuroft.com\/en\/wp-json\/wp\/v2\/comments?post=4677"}],"version-history":[{"count":0,"href":"https:\/\/neuroft.com\/en\/wp-json\/wp\/v2\/pages\/4677\/revisions"}],"up":[{"embeddable":true,"href":"https:\/\/neuroft.com\/en\/wp-json\/wp\/v2\/pages\/4541"}],"wp:attachment":[{"href":"https:\/\/neuroft.com\/en\/wp-json\/wp\/v2\/media?parent=4677"}],"curies":[{"name":"wp","href":"https:\/\/api.w.org\/{rel}","templated":true}]}}