{"id":5393,"date":"2020-08-11T18:36:19","date_gmt":"2020-08-12T00:36:19","guid":{"rendered":"http:\/\/gql.fus.mybluehost.me\/es\/?page_id=5393"},"modified":"2020-08-11T18:36:19","modified_gmt":"2020-08-12T00:36:19","slug":"rehabilitacion-ortopedica","status":"publish","type":"page","link":"https:\/\/neuroft.com\/en\/rehabilitacion-ortopedica\/","title":{"rendered":"Rehabilitaci\u00f3n Ortop\u00e9dica"},"content":{"rendered":"<div class=\"fusion-fullwidth fullwidth-box fusion-builder-row-1 nonhundred-percent-fullwidth non-hundred-percent-height-scrolling\" style=\"--awb-border-radius-top-left:0px;--awb-border-radius-top-right:0px;--awb-border-radius-bottom-right:0px;--awb-border-radius-bottom-left:0px;--awb-flex-wrap:wrap;\" ><div class=\"fusion-builder-row fusion-row\"><div class=\"fusion-layout-column fusion_builder_column fusion-builder-column-0 fusion_builder_column_1_1 1_1 fusion-one-full fusion-column-first fusion-column-last\" style=\"--awb-bg-size:cover;--awb-margin-bottom:0px;\"><div class=\"fusion-column-wrapper fusion-flex-column-wrapper-legacy\"><div class=\"fusion-text fusion-text-1\"><p>ENGLISH La <a href=\"https:\/\/neuroft.com\/staging\/rehabilitacion-ortopedica\/\"><u>rehabilitaci\u00f3n ortop\u00e9dica<\/u><\/a> tiene como objetivo principal el tratamiento integral de individuos con lesiones musculo-esquel\u00e9ticas y posturales.<\/p>\n<p>Las lesiones ortop\u00e9dicas son fuente habitual de consulta en nuestra cl\u00ednica. Ca\u00eddas, golpes o traumas pueden generar crisis de dolor e inflamaci\u00f3n prolongada, lo que limita gran parte de las actividades de la vida diaria de los individuos que tratamos. Nos especializamos en este tipo de valoraciones, llevando su cuerpo a alcanzar una mejor funcionalidad y adaptaci\u00f3n a sus actividades cotidianas con la menor carga y dolor posible mediante una correcta biomec\u00e1nica corporal y educaci\u00f3n postural.<\/p>\n<\/div><div class=\"fusion-title title fusion-title-1 fusion-title-text fusion-title-size-two\"><h2 class=\"fusion-title-heading title-heading-left fusion-responsive-typography-calculated\" style=\"margin:0;--fontSize:30;line-height:1.5;\">Valoraci\u00f3n de Lesiones Ortop\u00e9dicas<\/h2><span class=\"awb-title-spacer\"><\/span><div class=\"title-sep-container\"><div class=\"title-sep sep-double sep-solid\" style=\"border-color:#e0dede;\"><\/div><\/div><\/div><div class=\"fusion-text fusion-text-2\"><p>Consiste en una <u>valoraci\u00f3n completa<\/u> y un an\u00e1lisis de todas las \u00e1reas afectadas por la condici\u00f3n. Tiene un enfoque especial en lograr movimientos precisos y alineados de todo el cuerpo en relaci\u00f3n a una postura correcta.<\/p>\n<p>Esta valoraci\u00f3n integral tiene una duraci\u00f3n aproximada de <u>una hora.<\/u> Se utiliza como base para poder determinar el plan de tratamiento de rehabilitaci\u00f3n. (dependiendo del diagn\u00f3stico m\u00e9dico y las condiciones de cada individuo, entre otras). Los siguientes son algunos ejemplos de partes valoradas durante esta primera sesi\u00f3n.<\/p>\n<ul>\n<li>An\u00e1lisis postural y biomec\u00e1nico del movimiento<\/li>\n<li>Medici\u00f3n de fuerza muscular de todo el cuerpo<\/li>\n<li>Medici\u00f3n de la tensi\u00f3n relativa muscular<\/li>\n<li>Medici\u00f3n de los arcos de movilidad de las articulaciones<\/li>\n<li>Pruebas estandarizadas (subjetivas y objetivas)<\/li>\n<li>An\u00e1lisis de la marcha<\/li>\n<li>Valoraci\u00f3n de Reflejos osteo-tendinosos<\/li>\n<li>Alteraciones en la sensibilidad perif\u00e9rica<\/li>\n<li>Postura y verticalidad<\/li>\n<li>Balance y Equilibrio<\/li>\n<li>Propiocepci\u00f3n<\/li>\n<li>Coordinaci\u00f3n<\/li>\n<li>An\u00e1lisis postural detallado<\/li>\n<li>An\u00e1lisis de la calidad y eficacia de movimientos funcionales<\/li>\n<li>An\u00e1lisis de la biomec\u00e1nica corporal<\/li>\n<\/ul>\n<\/div><div class=\"fusion-text fusion-text-3\"><p>________________________________________________________________________________________<\/p>\n<ul>\n<li style=\"text-align: justify;\"><a href=\"https:\/\/neuroft.com\/es\/lesiones-de-pie-2\/\">Lesiones de pie<\/a> y <a href=\"https:\/\/neuroft.com\/es\/lesiones-de-tobillo\/\">lesiones de tobillo<\/a><\/li>\n<li style=\"text-align: justify;\"><a href=\"https:\/\/neuroft.com\/es\/lesiones-de-rodilla\/\">Lesiones de rodillas<\/a> (rupturas y reparacion de menisco, lesiones de LCA Y LCP, <a href=\"https:\/\/neuroft.com\/es\/osteoartritis\/\">osteoartritis,<\/a><a href=\"https:\/\/neuroft.com\/es\/tendinitis-patelar\/\"> tendonitis patelar<\/a><a href=\"..\/..\/..\/..\/..\/..\/tendinitis-patelar\/\">,<\/a> <a href=\"https:\/\/neuroft.com\/es\/enfermedad-de-osgood-schlatter\/\">Enfermedad de Osgood Schlatter<\/a>)<\/li>\n<li style=\"text-align: justify;\"><a href=\"https:\/\/neuroft.com\/es\/lesiones-de-cadera\/\">Lesiones de cadera<\/a> (<a href=\"https:\/\/neuroft.com\/es\/bursitis-trocanterea\/\">bursitis trocant\u00e9rea<\/a>, <a href=\"https:\/\/neuroft.com\/es\/osteoartritis\/\">osteoartritis<\/a>, restricciones capsulares).<\/li>\n<li style=\"text-align: justify;\"><a href=\"https:\/\/neuroft.com\/es\/lesiones-de-mano-y-dedos\/\">Lesiones de dedos y mano<\/a> (<a href=\"https:\/\/neuroft.com\/es\/tenosinovitis\/\">tenosinovitis<\/a>, <a href=\"https:\/\/neuroft.com\/es\/osteoartritis\/\">osteoartritis<\/a>).<\/li>\n<li style=\"text-align: justify;\"><a href=\"https:\/\/neuroft.com\/es\/lesiones-de-muneca\/\">Lesiones de mu\u00f1eca<\/a> (fracturas, restricciones del hueso carpal, rango de movimiento limitado, <a href=\"https:\/\/neuroft.com\/es\/el-sindrome-del-tunel-carpiano\/\">s\u00edndrome del t\u00fanel carpal<\/a>).<\/li>\n<li style=\"text-align: justify;\">Lesiones de codo (<a href=\"https:\/\/neuroft.com\/es\/el-codo-de-tenista\/\">tenista<\/a>, <a href=\"https:\/\/neuroft.com\/es\/codo-de-golfista-epicondilitis-medial\/\">golfista<\/a>).<\/li>\n<li style=\"text-align: justify;\"><a href=\"https:\/\/neuroft.com\/es\/lesiones-de-hombro\/\">Lesiones de hombro <\/a>(<a href=\"https:\/\/neuroft.com\/es\/lesiones-del-manguito-rotador\/\">manguito rotador,<\/a> inestabilidad escapular, lesi\u00f3n de SLAP, <a href=\"https:\/\/neuroft.com\/es\/bursitis\/\">bursitis<\/a>).<\/li>\n<li style=\"text-align: justify;\">Ver m\u00e1s acerca de nuestros servicios de <a href=\"https:\/\/neuroft.com\/es\/servicios-de-rehabilitacion\/ortopedia\/\">rehabilitaci\u00f3n de lesiones ortop\u00e9dicas<\/a>&#8230;<\/li>\n<\/ul>\n<\/div><div class=\"fusion-clearfix\"><\/div><\/div><\/div><\/div><\/div>\n","protected":false},"excerpt":{"rendered":"","protected":false},"author":1,"featured_media":0,"parent":0,"menu_order":0,"comment_status":"closed","ping_status":"closed","template":"","meta":[],"yoast_head":"<!-- This site is optimized with the Yoast SEO plugin v16.8 - https:\/\/yoast.com\/wordpress\/plugins\/seo\/ -->\n<title>Rehabilitaci\u00f3n Ortop\u00e9dica - Terapia F\u00edsica Costa Rica y Rehabilitaci\u00f3n Neurol\u00f3gica - Dra. Lisa Riggioni<\/title>\n<meta name=\"robots\" content=\"index, follow, max-snippet:-1, max-image-preview:large, max-video-preview:-1\" \/>\n<link rel=\"canonical\" href=\"https:\/\/neuroft.com\/en\/rehabilitacion-ortopedica\/\" \/>\n<meta property=\"og:locale\" content=\"en_US\" \/>\n<meta property=\"og:type\" content=\"article\" \/>\n<meta property=\"og:title\" content=\"Rehabilitaci\u00f3n Ortop\u00e9dica - Terapia F\u00edsica Costa Rica y Rehabilitaci\u00f3n Neurol\u00f3gica - Dra. Lisa Riggioni\" \/>\n<meta property=\"og:url\" content=\"https:\/\/neuroft.com\/en\/rehabilitacion-ortopedica\/\" \/>\n<meta property=\"og:site_name\" content=\"Terapia F\u00edsica Costa Rica y Rehabilitaci\u00f3n Neurol\u00f3gica - Dra. Lisa Riggioni\" \/>\n<meta property=\"article:publisher\" content=\"https:\/\/www.facebook.com\/NeuroFT\/\" \/>\n<meta name=\"twitter:card\" content=\"summary_large_image\" \/>\n<script type=\"application\/ld+json\" class=\"yoast-schema-graph\">{\"@context\":\"https:\/\/schema.org\",\"@graph\":[{\"@type\":\"WebSite\",\"@id\":\"http:\/\/gql.fus.mybluehost.me\/#website\",\"url\":\"http:\/\/gql.fus.mybluehost.me\/\",\"name\":\"Terapia F\\u00edsica Costa Rica y Rehabilitaci\\u00f3n Neurol\\u00f3gica - Dra. Lisa Riggioni\",\"description\":\"NeuroFT\",\"potentialAction\":[{\"@type\":\"SearchAction\",\"target\":{\"@type\":\"EntryPoint\",\"urlTemplate\":\"http:\/\/gql.fus.mybluehost.me\/?s={search_term_string}\"},\"query-input\":\"required name=search_term_string\"}],\"inLanguage\":\"en-US\"},{\"@type\":\"WebPage\",\"@id\":\"https:\/\/neuroft.com\/en\/rehabilitacion-ortopedica\/#webpage\",\"url\":\"https:\/\/neuroft.com\/en\/rehabilitacion-ortopedica\/\",\"name\":\"Rehabilitaci\\u00f3n Ortop\\u00e9dica - Terapia F\\u00edsica Costa Rica y Rehabilitaci\\u00f3n Neurol\\u00f3gica - Dra. Lisa Riggioni\",\"isPartOf\":{\"@id\":\"http:\/\/gql.fus.mybluehost.me\/#website\"},\"datePublished\":\"2020-08-12T00:36:19+00:00\",\"dateModified\":\"2020-08-12T00:36:19+00:00\",\"breadcrumb\":{\"@id\":\"https:\/\/neuroft.com\/en\/rehabilitacion-ortopedica\/#breadcrumb\"},\"inLanguage\":\"en-US\",\"potentialAction\":[{\"@type\":\"ReadAction\",\"target\":[\"https:\/\/neuroft.com\/en\/rehabilitacion-ortopedica\/\"]}]},{\"@type\":\"BreadcrumbList\",\"@id\":\"https:\/\/neuroft.com\/en\/rehabilitacion-ortopedica\/#breadcrumb\",\"itemListElement\":[{\"@type\":\"ListItem\",\"position\":1,\"name\":\"Portada\",\"item\":\"http:\/\/gql.fus.mybluehost.me\/en\/\"},{\"@type\":\"ListItem\",\"position\":2,\"name\":\"Rehabilitaci\\u00f3n Ortop\\u00e9dica\"}]}]}<\/script>\n<!-- \/ Yoast SEO plugin. -->","yoast_head_json":{"title":"Rehabilitaci\u00f3n Ortop\u00e9dica - Terapia F\u00edsica Costa Rica y Rehabilitaci\u00f3n Neurol\u00f3gica - Dra. Lisa Riggioni","robots":{"index":"index","follow":"follow","max-snippet":"max-snippet:-1","max-image-preview":"max-image-preview:large","max-video-preview":"max-video-preview:-1"},"canonical":"https:\/\/neuroft.com\/en\/rehabilitacion-ortopedica\/","og_locale":"en_US","og_type":"article","og_title":"Rehabilitaci\u00f3n Ortop\u00e9dica - Terapia F\u00edsica Costa Rica y Rehabilitaci\u00f3n Neurol\u00f3gica - Dra. Lisa Riggioni","og_url":"https:\/\/neuroft.com\/en\/rehabilitacion-ortopedica\/","og_site_name":"Terapia F\u00edsica Costa Rica y Rehabilitaci\u00f3n Neurol\u00f3gica - Dra. Lisa Riggioni","article_publisher":"https:\/\/www.facebook.com\/NeuroFT\/","twitter_card":"summary_large_image","schema":{"@context":"https:\/\/schema.org","@graph":[{"@type":"WebSite","@id":"http:\/\/gql.fus.mybluehost.me\/#website","url":"http:\/\/gql.fus.mybluehost.me\/","name":"Terapia F\u00edsica Costa Rica y Rehabilitaci\u00f3n Neurol\u00f3gica - Dra. Lisa Riggioni","description":"NeuroFT","potentialAction":[{"@type":"SearchAction","target":{"@type":"EntryPoint","urlTemplate":"http:\/\/gql.fus.mybluehost.me\/?s={search_term_string}"},"query-input":"required name=search_term_string"}],"inLanguage":"en-US"},{"@type":"WebPage","@id":"https:\/\/neuroft.com\/en\/rehabilitacion-ortopedica\/#webpage","url":"https:\/\/neuroft.com\/en\/rehabilitacion-ortopedica\/","name":"Rehabilitaci\u00f3n Ortop\u00e9dica - Terapia F\u00edsica Costa Rica y Rehabilitaci\u00f3n Neurol\u00f3gica - Dra. Lisa Riggioni","isPartOf":{"@id":"http:\/\/gql.fus.mybluehost.me\/#website"},"datePublished":"2020-08-12T00:36:19+00:00","dateModified":"2020-08-12T00:36:19+00:00","breadcrumb":{"@id":"https:\/\/neuroft.com\/en\/rehabilitacion-ortopedica\/#breadcrumb"},"inLanguage":"en-US","potentialAction":[{"@type":"ReadAction","target":["https:\/\/neuroft.com\/en\/rehabilitacion-ortopedica\/"]}]},{"@type":"BreadcrumbList","@id":"https:\/\/neuroft.com\/en\/rehabilitacion-ortopedica\/#breadcrumb","itemListElement":[{"@type":"ListItem","position":1,"name":"Portada","item":"http:\/\/gql.fus.mybluehost.me\/en\/"},{"@type":"ListItem","position":2,"name":"Rehabilitaci\u00f3n Ortop\u00e9dica"}]}]}},"_links":{"self":[{"href":"https:\/\/neuroft.com\/en\/wp-json\/wp\/v2\/pages\/5393"}],"collection":[{"href":"https:\/\/neuroft.com\/en\/wp-json\/wp\/v2\/pages"}],"about":[{"href":"https:\/\/neuroft.com\/en\/wp-json\/wp\/v2\/types\/page"}],"author":[{"embeddable":true,"href":"https:\/\/neuroft.com\/en\/wp-json\/wp\/v2\/users\/1"}],"replies":[{"embeddable":true,"href":"https:\/\/neuroft.com\/en\/wp-json\/wp\/v2\/comments?post=5393"}],"version-history":[{"count":2,"href":"https:\/\/neuroft.com\/en\/wp-json\/wp\/v2\/pages\/5393\/revisions"}],"predecessor-version":[{"id":5395,"href":"https:\/\/neuroft.com\/en\/wp-json\/wp\/v2\/pages\/5393\/revisions\/5395"}],"wp:attachment":[{"href":"https:\/\/neuroft.com\/en\/wp-json\/wp\/v2\/media?parent=5393"}],"curies":[{"name":"wp","href":"https:\/\/api.w.org\/{rel}","templated":true}]}}