{"id":6868,"date":"2009-01-18T11:49:02","date_gmt":"2009-01-18T19:49:02","guid":{"rendered":"http:\/\/gql.fus.mybluehost.me\/en\/?page_id=216"},"modified":"2009-01-18T11:49:02","modified_gmt":"2009-01-18T19:49:02","slug":"4-what-is-ndt-neuro-developmental-treatment","status":"publish","type":"page","link":"https:\/\/neuroft.com\/en\/frequently-asked-questions\/4-what-is-ndt-neuro-developmental-treatment\/","title":{"rendered":"4. What is NDT (Neuro-Developmental Treatment)?"},"content":{"rendered":"<p><span style=\"font-weight: bold;\">4. What is NDT (Neuro-Developmental Treatment)?<\/span><\/p>\n<p>Neuro-Developmental Treatment (NDT) is an advanced therapeutic approach practiced by experienced Occupational Therapists, Physical Therapists, and Speech &#8211; Language Pathologists. This hands-on approach is used in working with people who have central nervous system insults that create difficulties in controlling movement. Therapists using NDT treatment have completed advanced training in NDT and work closely with individuals with neurological challenges (e.g. cerebral palsy, stroke, head injury), helping them to become as independent as possible. NDT-trained therapists work collaboratively with individuals, family, caregivers and physicians to develop comprehensive treatment programs based on the principles of human neurology and physiology. Individuals who have minimal to severe motor difficulties can benefit from the NDT approach (<a title=\"NDTA\" href=\"..\/..\/..\/..\/..\/..\/www.ndta.org\" target=\"_blank\" rel=\"noopener\">www.ndta.org<\/a>)<\/p>\n","protected":false},"excerpt":{"rendered":"<p>4. What is NDT (Neuro-Developmental Treatment)? Neuro-Developmental Treatment (NDT) is an advanced therapeutic approach practiced by experienced Occupational Therapists, Physical Therapists,  [&#8230;]<\/p>\n","protected":false},"author":1,"featured_media":0,"parent":4542,"menu_order":4,"comment_status":"closed","ping_status":"open","template":"","meta":[],"yoast_head":"<!-- This site is optimized with the Yoast SEO plugin v16.8 - https:\/\/yoast.com\/wordpress\/plugins\/seo\/ -->\n<title>4. What is NDT (Neuro-Developmental Treatment)? - Terapia F\u00edsica Costa Rica y Rehabilitaci\u00f3n Neurol\u00f3gica - Dra. Lisa Riggioni<\/title>\n<meta name=\"robots\" content=\"index, follow, max-snippet:-1, max-image-preview:large, max-video-preview:-1\" \/>\n<link rel=\"canonical\" href=\"https:\/\/neuroft.com\/en\/frequently-asked-questions\/4-what-is-ndt-neuro-developmental-treatment\/\" \/>\n<meta property=\"og:locale\" content=\"en_US\" \/>\n<meta property=\"og:type\" content=\"article\" \/>\n<meta property=\"og:title\" content=\"4. What is NDT (Neuro-Developmental Treatment)? - Terapia F\u00edsica Costa Rica y Rehabilitaci\u00f3n Neurol\u00f3gica - Dra. Lisa Riggioni\" \/>\n<meta property=\"og:description\" content=\"4. What is NDT (Neuro-Developmental Treatment)? Neuro-Developmental Treatment (NDT) is an advanced therapeutic approach practiced by experienced Occupational Therapists, Physical Therapists, [...]\" \/>\n<meta property=\"og:url\" content=\"https:\/\/neuroft.com\/en\/frequently-asked-questions\/4-what-is-ndt-neuro-developmental-treatment\/\" \/>\n<meta property=\"og:site_name\" content=\"Terapia F\u00edsica Costa Rica y Rehabilitaci\u00f3n Neurol\u00f3gica - Dra. Lisa Riggioni\" \/>\n<meta property=\"article:publisher\" content=\"https:\/\/www.facebook.com\/NeuroFT\/\" \/>\n<meta name=\"twitter:card\" content=\"summary_large_image\" \/>\n<script type=\"application\/ld+json\" class=\"yoast-schema-graph\">{\"@context\":\"https:\/\/schema.org\",\"@graph\":[{\"@type\":\"WebSite\",\"@id\":\"http:\/\/gql.fus.mybluehost.me\/#website\",\"url\":\"http:\/\/gql.fus.mybluehost.me\/\",\"name\":\"Terapia F\\u00edsica Costa Rica y Rehabilitaci\\u00f3n Neurol\\u00f3gica - Dra. Lisa Riggioni\",\"description\":\"NeuroFT\",\"potentialAction\":[{\"@type\":\"SearchAction\",\"target\":{\"@type\":\"EntryPoint\",\"urlTemplate\":\"http:\/\/gql.fus.mybluehost.me\/?s={search_term_string}\"},\"query-input\":\"required name=search_term_string\"}],\"inLanguage\":\"en-US\"},{\"@type\":\"WebPage\",\"@id\":\"https:\/\/neuroft.com\/en\/frequently-asked-questions\/4-what-is-ndt-neuro-developmental-treatment\/#webpage\",\"url\":\"https:\/\/neuroft.com\/en\/frequently-asked-questions\/4-what-is-ndt-neuro-developmental-treatment\/\",\"name\":\"4. What is NDT (Neuro-Developmental Treatment)? - Terapia F\\u00edsica Costa Rica y Rehabilitaci\\u00f3n Neurol\\u00f3gica - Dra. Lisa Riggioni\",\"isPartOf\":{\"@id\":\"http:\/\/gql.fus.mybluehost.me\/#website\"},\"datePublished\":\"2009-01-18T19:49:02+00:00\",\"dateModified\":\"2009-01-18T19:49:02+00:00\",\"breadcrumb\":{\"@id\":\"https:\/\/neuroft.com\/en\/frequently-asked-questions\/4-what-is-ndt-neuro-developmental-treatment\/#breadcrumb\"},\"inLanguage\":\"en-US\",\"potentialAction\":[{\"@type\":\"ReadAction\",\"target\":[\"https:\/\/neuroft.com\/en\/frequently-asked-questions\/4-what-is-ndt-neuro-developmental-treatment\/\"]}]},{\"@type\":\"BreadcrumbList\",\"@id\":\"https:\/\/neuroft.com\/en\/frequently-asked-questions\/4-what-is-ndt-neuro-developmental-treatment\/#breadcrumb\",\"itemListElement\":[{\"@type\":\"ListItem\",\"position\":1,\"name\":\"Portada\",\"item\":\"http:\/\/gql.fus.mybluehost.me\/en\/\"},{\"@type\":\"ListItem\",\"position\":2,\"name\":\"FAQs\",\"item\":\"http:\/\/gql.fus.mybluehost.me\/en\/frequently-asked-questions\/\"},{\"@type\":\"ListItem\",\"position\":3,\"name\":\"4. What is NDT (Neuro-Developmental Treatment)?\"}]}]}<\/script>\n<!-- \/ Yoast SEO plugin. -->","yoast_head_json":{"title":"4. What is NDT (Neuro-Developmental Treatment)? - Terapia F\u00edsica Costa Rica y Rehabilitaci\u00f3n Neurol\u00f3gica - Dra. Lisa Riggioni","robots":{"index":"index","follow":"follow","max-snippet":"max-snippet:-1","max-image-preview":"max-image-preview:large","max-video-preview":"max-video-preview:-1"},"canonical":"https:\/\/neuroft.com\/en\/frequently-asked-questions\/4-what-is-ndt-neuro-developmental-treatment\/","og_locale":"en_US","og_type":"article","og_title":"4. What is NDT (Neuro-Developmental Treatment)? - Terapia F\u00edsica Costa Rica y Rehabilitaci\u00f3n Neurol\u00f3gica - Dra. Lisa Riggioni","og_description":"4. What is NDT (Neuro-Developmental Treatment)? Neuro-Developmental Treatment (NDT) is an advanced therapeutic approach practiced by experienced Occupational Therapists, Physical Therapists, [...]","og_url":"https:\/\/neuroft.com\/en\/frequently-asked-questions\/4-what-is-ndt-neuro-developmental-treatment\/","og_site_name":"Terapia F\u00edsica Costa Rica y Rehabilitaci\u00f3n Neurol\u00f3gica - Dra. Lisa Riggioni","article_publisher":"https:\/\/www.facebook.com\/NeuroFT\/","twitter_card":"summary_large_image","schema":{"@context":"https:\/\/schema.org","@graph":[{"@type":"WebSite","@id":"http:\/\/gql.fus.mybluehost.me\/#website","url":"http:\/\/gql.fus.mybluehost.me\/","name":"Terapia F\u00edsica Costa Rica y Rehabilitaci\u00f3n Neurol\u00f3gica - Dra. Lisa Riggioni","description":"NeuroFT","potentialAction":[{"@type":"SearchAction","target":{"@type":"EntryPoint","urlTemplate":"http:\/\/gql.fus.mybluehost.me\/?s={search_term_string}"},"query-input":"required name=search_term_string"}],"inLanguage":"en-US"},{"@type":"WebPage","@id":"https:\/\/neuroft.com\/en\/frequently-asked-questions\/4-what-is-ndt-neuro-developmental-treatment\/#webpage","url":"https:\/\/neuroft.com\/en\/frequently-asked-questions\/4-what-is-ndt-neuro-developmental-treatment\/","name":"4. What is NDT (Neuro-Developmental Treatment)? - Terapia F\u00edsica Costa Rica y Rehabilitaci\u00f3n Neurol\u00f3gica - Dra. Lisa Riggioni","isPartOf":{"@id":"http:\/\/gql.fus.mybluehost.me\/#website"},"datePublished":"2009-01-18T19:49:02+00:00","dateModified":"2009-01-18T19:49:02+00:00","breadcrumb":{"@id":"https:\/\/neuroft.com\/en\/frequently-asked-questions\/4-what-is-ndt-neuro-developmental-treatment\/#breadcrumb"},"inLanguage":"en-US","potentialAction":[{"@type":"ReadAction","target":["https:\/\/neuroft.com\/en\/frequently-asked-questions\/4-what-is-ndt-neuro-developmental-treatment\/"]}]},{"@type":"BreadcrumbList","@id":"https:\/\/neuroft.com\/en\/frequently-asked-questions\/4-what-is-ndt-neuro-developmental-treatment\/#breadcrumb","itemListElement":[{"@type":"ListItem","position":1,"name":"Portada","item":"http:\/\/gql.fus.mybluehost.me\/en\/"},{"@type":"ListItem","position":2,"name":"FAQs","item":"http:\/\/gql.fus.mybluehost.me\/en\/frequently-asked-questions\/"},{"@type":"ListItem","position":3,"name":"4. What is NDT (Neuro-Developmental Treatment)?"}]}]}},"_links":{"self":[{"href":"https:\/\/neuroft.com\/en\/wp-json\/wp\/v2\/pages\/6868"}],"collection":[{"href":"https:\/\/neuroft.com\/en\/wp-json\/wp\/v2\/pages"}],"about":[{"href":"https:\/\/neuroft.com\/en\/wp-json\/wp\/v2\/types\/page"}],"author":[{"embeddable":true,"href":"https:\/\/neuroft.com\/en\/wp-json\/wp\/v2\/users\/1"}],"replies":[{"embeddable":true,"href":"https:\/\/neuroft.com\/en\/wp-json\/wp\/v2\/comments?post=6868"}],"version-history":[{"count":0,"href":"https:\/\/neuroft.com\/en\/wp-json\/wp\/v2\/pages\/6868\/revisions"}],"up":[{"embeddable":true,"href":"https:\/\/neuroft.com\/en\/wp-json\/wp\/v2\/pages\/4542"}],"wp:attachment":[{"href":"https:\/\/neuroft.com\/en\/wp-json\/wp\/v2\/media?parent=6868"}],"curies":[{"name":"wp","href":"https:\/\/api.w.org\/{rel}","templated":true}]}}