{"id":6951,"date":"2020-07-04T16:01:00","date_gmt":"2020-07-04T22:01:00","guid":{"rendered":"http:\/\/gql.fus.mybluehost.me\/equipo\/"},"modified":"2026-01-23T13:20:07","modified_gmt":"2026-01-23T19:20:07","slug":"team","status":"publish","type":"page","link":"https:\/\/neuroft.com\/en\/team\/","title":{"rendered":"Team NeuroFT"},"content":{"rendered":"<h1><span style=\"color: #000000;\"><img class=\"wp-image-8409 alignleft\" src=\"https:\/\/neuroft.com\/wp-content\/uploads\/lisa-1024x668.jpeg\" alt=\"\" width=\"385\" height=\"251\" srcset=\"https:\/\/neuroft.com\/wp-content\/uploads\/lisa-200x131.jpeg 200w, https:\/\/neuroft.com\/wp-content\/uploads\/lisa-300x196.jpeg 300w, https:\/\/neuroft.com\/wp-content\/uploads\/lisa-400x261.jpeg 400w, https:\/\/neuroft.com\/wp-content\/uploads\/lisa-600x392.jpeg 600w, https:\/\/neuroft.com\/wp-content\/uploads\/lisa-768x501.jpeg 768w, https:\/\/neuroft.com\/wp-content\/uploads\/lisa-800x522.jpeg 800w, https:\/\/neuroft.com\/wp-content\/uploads\/lisa-1024x668.jpeg 1024w, https:\/\/neuroft.com\/wp-content\/uploads\/lisa-1200x783.jpeg 1200w, https:\/\/neuroft.com\/wp-content\/uploads\/lisa-1536x1002.jpeg 1536w\" sizes=\"(max-width: 385px) 100vw, 385px\" \/>Dr. Lisa Riggioni<\/span><\/h1>\n<h3>D.T.F., E.N.C., Certified TND, Director<\/h3>\n<p>Dr. Lisa Riggioni Meyers is from San Jos\u00e9, Costa Rica and specializes in neurological rehab with more than 24 years of experience working in the area of physical therapy.<\/p>\n<p>Lisa graduated from the University of North Carolina at Greensboro with a Bachelor of Science; from the University of Florida at Gainesville with a Master&#8217;s degree in Physical Therapy; and from ATSU in Mesa, Arizona with a D.P.T. in Physical Therapy.<\/p>\n<p>Dr. Riggioni is an active member of the &#8220;American Physical Therapy Association&#8221;, the NDTA &#8220;Neurodevelopmental Treatment Association&#8221;, and the &#8220;College of Physicians and Surgeons of Costa Rica&#8221;. Her credentials include prestigious certifications: Certified Neurological Specialist (ENC) and re-certification after ten years, after passing a rigorous and national exam. In addition, she obtained the certification in Neuro-developmental treatment granted at the end of a theoretical and practical training specifically designated for that purpose. Lisa has extensive work experience treating people with neurological and orthopeadic disorders at Florida Hospital, Orlando Regional Medical Center, and St. John&#8217;s Hospital in Springfield, Missouri. She has completed more than 10 courses in Washington University @ St. Louis, Missouri focusing on Movement System Impairment Syndromes and biomechanical analysis.\u00a0 Lisa is fluent in English, Italian, and Spanish.<\/p>\n<p>&nbsp;<\/p>\n<div id=\"attachment_1645\" style=\"width: 385px\" class=\"wp-caption alignleft\"><img aria-describedby=\"caption-attachment-1645\" class=\" wp-image-1645\" src=\"https:\/\/neuroft.com\/es\/wp-content\/uploads\/26-300x200.jpg\" alt=\"\" width=\"375\" height=\"250\" srcset=\"https:\/\/neuroft.com\/wp-content\/uploads\/26-150x100.jpg 150w, https:\/\/neuroft.com\/wp-content\/uploads\/26-300x200.jpg 300w, https:\/\/neuroft.com\/wp-content\/uploads\/26-768x513.jpg 768w, https:\/\/neuroft.com\/wp-content\/uploads\/26-1024x684.jpg 1024w, https:\/\/neuroft.com\/wp-content\/uploads\/26.jpg 1444w\" sizes=\"(max-width: 375px) 100vw, 375px\" \/><p id=\"caption-attachment-1645\" class=\"wp-caption-text\">Licda. Ana Gabriela Campos, T.F.<\/p><\/div>\n<h1><span style=\"color: #000000;\">Licda. Ana Gabriela Campos, T.F.<\/span><\/h1>\n<p>Ana Gabriela Campos Montero was born in San Jos\u00e9, Costa Rica. She has a degree in Physical Therapy and graduated with honors from Santa Paula University. She also has a Master&#8217;s degree in Geriatric Physical Therapy. She is fully incorporated into the College of Therapists of Costa Rica and has received complementary studies in Massage Therapy and Kinesio-Taping Techniques. Ana Gabriela has attended basic CPR and first aid courses.<\/p>\n<p>Ana Gabriela completed her pediatric practice at the Fundaci\u00f3n Pro-J\u00f3venes con Cerebral Palsy, a geriatric practice at the Home for the Elderly in Piedades de Santa Ana and a hospital practice at the Rafael \u00c1ngel Calder\u00f3n Guardia Hospital. She has 9 years of\u00a0 professional experience in the area of physical therapy, with a special passion for the geriatric population. She is currently studying English as a second language.<\/p>\n<h1><span style=\"color: #000000;\"><img class=\"alignleft wp-image-10886\" src=\"https:\/\/neuroft.com\/wp-content\/uploads\/Foto-Perfil-Ana-Cristina-Ledezma--400x533.jpeg\" alt=\"\" width=\"188\" height=\"250\" srcset=\"https:\/\/neuroft.com\/wp-content\/uploads\/Foto-Perfil-Ana-Cristina-Ledezma--200x267.jpeg 200w, https:\/\/neuroft.com\/wp-content\/uploads\/Foto-Perfil-Ana-Cristina-Ledezma--225x300.jpeg 225w, https:\/\/neuroft.com\/wp-content\/uploads\/Foto-Perfil-Ana-Cristina-Ledezma--400x533.jpeg 400w, https:\/\/neuroft.com\/wp-content\/uploads\/Foto-Perfil-Ana-Cristina-Ledezma--600x800.jpeg 600w, https:\/\/neuroft.com\/wp-content\/uploads\/Foto-Perfil-Ana-Cristina-Ledezma--768x1024.jpeg 768w, https:\/\/neuroft.com\/wp-content\/uploads\/Foto-Perfil-Ana-Cristina-Ledezma--800x1067.jpeg 800w, https:\/\/neuroft.com\/wp-content\/uploads\/Foto-Perfil-Ana-Cristina-Ledezma-.jpeg 960w\" sizes=\"(max-width: 188px) 100vw, 188px\" \/>Licda. Ana Cristina Ledezma, T.F.<\/span><\/h1>\n<p style=\"text-align: left;\">Ana Cristina Ledezma was born in Heredia, Costa Rica. She holds a degree in Physical Therapy, graduating with honors from Universidad Santa Paula. She is a registered member of the College of Therapists of Costa Rica. She has completed complementary studies in Massage Therapy Techniques, a Specialization Course in Dermatofunctional Therapy, and CPR. Her pediatric clinical practice was conducted at FUNAPAC, her geriatric practice at Hogar Santiago Crespo, and her hospital-based practice at CENARE. Ana Cristina is a committed, responsible person who is dedicated to giving her best.<\/p>\n<p>&nbsp;<\/p>\n<h1><span style=\"color: #000000;\"><img class=\"wp-image-8414 alignleft\" src=\"https:\/\/neuroft.com\/wp-content\/uploads\/Marianne-Robert-1024x684.jpg\" alt=\"\" width=\"375\" height=\"251\" srcset=\"https:\/\/neuroft.com\/wp-content\/uploads\/Marianne-Robert-200x134.jpg 200w, https:\/\/neuroft.com\/wp-content\/uploads\/Marianne-Robert-300x200.jpg 300w, https:\/\/neuroft.com\/wp-content\/uploads\/Marianne-Robert-400x267.jpg 400w, https:\/\/neuroft.com\/wp-content\/uploads\/Marianne-Robert-600x401.jpg 600w, https:\/\/neuroft.com\/wp-content\/uploads\/Marianne-Robert-768x513.jpg 768w, https:\/\/neuroft.com\/wp-content\/uploads\/Marianne-Robert-800x534.jpg 800w, https:\/\/neuroft.com\/wp-content\/uploads\/Marianne-Robert-1024x684.jpg 1024w, https:\/\/neuroft.com\/wp-content\/uploads\/Marianne-Robert-1200x801.jpg 1200w, https:\/\/neuroft.com\/wp-content\/uploads\/Marianne-Robert-1536x1026.jpg 1536w\" sizes=\"(max-width: 375px) 100vw, 375px\" \/>Licda. Marianne Robert Le\u00f3n, T.L.<\/span><\/h1>\n<p style=\"text-align: left;\">Marianne Robert Le\u00f3n, born in San Jos\u00e9, Costa Rica, graduated from Universidad Santa Paula with a Bachelor&#8217;s degree in Language, Speech and Voice Therapy. She has clinical experience in maintaining and improving voice and communication in older adults; as well as the assessment, diagnosis and intervention of language pathologies in children and adults.<\/p>\n<p style=\"text-align: left;\">Mariana has collaborated with the child population in the Santa Paula clinic and in the Mar\u00eda Auxiliadora Association of Children with Infant Cerebral Palsy; also with adult patients at Hospital M\u00e9xico, Hogar Carlos Mar\u00eda Ulloa and La Casa Sol Day Center, working on the cognitive area, language, speech, voice and swallowing. Co-author of guide for cognitive stimulation, in order to maintain communication in patients with Parkinson&#8217;s and degenerative diseases.<\/p>\n<p style=\"text-align: left;\">Mariana is a certified bilingual therapist in the intensive method of voice improvement for people with Parkinson&#8217;s disease: &#8220;LSVT LOUD&#8221;.<\/p>\n<h1><span style=\"color: #000000;\"><img class=\" wp-image-8452 alignleft\" src=\"https:\/\/neuroft.com\/wp-content\/uploads\/Abby-1024x684.jpg\" alt=\"\" width=\"374\" height=\"250\" srcset=\"https:\/\/neuroft.com\/wp-content\/uploads\/Abby-200x134.jpg 200w, https:\/\/neuroft.com\/wp-content\/uploads\/Abby-300x200.jpg 300w, https:\/\/neuroft.com\/wp-content\/uploads\/Abby-400x267.jpg 400w, https:\/\/neuroft.com\/wp-content\/uploads\/Abby-600x401.jpg 600w, https:\/\/neuroft.com\/wp-content\/uploads\/Abby-768x513.jpg 768w, https:\/\/neuroft.com\/wp-content\/uploads\/Abby-800x534.jpg 800w, https:\/\/neuroft.com\/wp-content\/uploads\/Abby-1024x684.jpg 1024w, https:\/\/neuroft.com\/wp-content\/uploads\/Abby-1200x801.jpg 1200w, https:\/\/neuroft.com\/wp-content\/uploads\/Abby.jpg 1444w\" sizes=\"(max-width: 374px) 100vw, 374px\" \/>Licda. Abby Ortega Vargas, T.F.<\/span><\/h1>\n<p>Abby Ortega Vargas was born in San Jos\u00e9, Costa Rica. She has a degree in Physical Therapy, graduated with honors from Santa Paula University. She is fully incorporated into the College of Therapists of Costa Rica. She has complementary studies in Massage Therapy Techniques, CPR, functional training for children with disabilities received in NYC, good clinical practice for medical research, training program in empath<span lang=\"EN-US\">etic<\/span> communication, years of volunteering in the children&#8217;s hospital and with a youth organization. She has more than 9 years work experience in the rehabilitation field and as a clinical educator. She considers herself a committed person interested in helping others to have a better quality of life and be happier. She speaks English and Spanish.<\/p>\n<h1><span style=\"color: #000000;\"><img class=\"wp-image-10327 alignleft\" src=\"https:\/\/neuroft.com\/wp-content\/uploads\/Priscilla.jpg\" alt=\"\" width=\"373\" height=\"226\" srcset=\"https:\/\/neuroft.com\/wp-content\/uploads\/Priscilla-200x121.jpg 200w, https:\/\/neuroft.com\/wp-content\/uploads\/Priscilla-300x182.jpg 300w, https:\/\/neuroft.com\/wp-content\/uploads\/Priscilla-400x242.jpg 400w, https:\/\/neuroft.com\/wp-content\/uploads\/Priscilla-600x363.jpg 600w, https:\/\/neuroft.com\/wp-content\/uploads\/Priscilla-768x465.jpg 768w, https:\/\/neuroft.com\/wp-content\/uploads\/Priscilla-800x484.jpg 800w, https:\/\/neuroft.com\/wp-content\/uploads\/Priscilla-1024x620.jpg 1024w, https:\/\/neuroft.com\/wp-content\/uploads\/Priscilla-1200x726.jpg 1200w, https:\/\/neuroft.com\/wp-content\/uploads\/Priscilla-1536x930.jpg 1536w, https:\/\/neuroft.com\/wp-content\/uploads\/Priscilla.jpg 2212w\" sizes=\"(max-width: 373px) 100vw, 373px\" \/><\/span><\/h1>\n<h1><span style=\"color: #000000;\">Priscila Bermudez Montero, P.T.<\/span><\/h1>\n<p>Priscila Bermudez Montero was born in San Jos\u00e9, Costa Rica. She is a Licensed Physical Therapist graduated from the University of Santa Paula. She is currently a member of the Costa Rican Physical Therapy Association. She loves being a physical therapist and seeing each person progress to meet their goals. She completed her pediatric clinical internship at \u201cEscuela de Ense\u00f1anza Especial de Pozos de Santa Ana\u201d, her geriatric internship at \u201cHogar de Ancianos Coraz\u00f3n de Jesus en Puriscal\u201d, and her hospital internship at Hospital CIMA. She has over 14 years professional experience treating patients in the area of physical therapy.<\/p>\n<p>&nbsp;<\/p>\n<p><img class=\"wp-image-10619 alignleft\" src=\"https:\/\/neuroft.com\/wp-content\/uploads\/Daniele-Guzman-300x281.jpg\" alt=\"\" width=\"311\" height=\"292\" srcset=\"https:\/\/neuroft.com\/wp-content\/uploads\/Daniele-Guzman-200x188.jpg 200w, https:\/\/neuroft.com\/wp-content\/uploads\/Daniele-Guzman-300x281.jpg 300w, https:\/\/neuroft.com\/wp-content\/uploads\/Daniele-Guzman-400x375.jpg 400w, https:\/\/neuroft.com\/wp-content\/uploads\/Daniele-Guzman-600x563.jpg 600w, https:\/\/neuroft.com\/wp-content\/uploads\/Daniele-Guzman-768x720.jpg 768w, https:\/\/neuroft.com\/wp-content\/uploads\/Daniele-Guzman-800x750.jpg 800w, https:\/\/neuroft.com\/wp-content\/uploads\/Daniele-Guzman-1024x960.jpg 1024w, https:\/\/neuroft.com\/wp-content\/uploads\/Daniele-Guzman-1200x1125.jpg 1200w, https:\/\/neuroft.com\/wp-content\/uploads\/Daniele-Guzman-1536x1440.jpg 1536w\" sizes=\"(max-width: 311px) 100vw, 311px\" \/><\/p>\n<h1><span style=\"color: #000000;\">Dr. Daniele Guzman, D.P.T.<\/span><\/h1>\n<p>Dra. <span class=\"outlook-search-highlight\" data-markjs=\"true\">Daniele<\/span> Guzman was born in the United States. She graduated from Santa Clara University in Santa Clara, California with a Bachelor of Science, majoring in Biology with an emphasis in Biomedical Science. She obtained her Doctor of Physical Therapy degree from Samuel Merritt University in Oakland, California and is actively licensed through the Physical Therapy Board of California.\u00a0 She is working in our Escazu clinic.<\/p>\n<p>She has experience treating a variety of neurologic and orthopedic conditions, working for 10 years at the Palo Alto Veteran&#8217;s Hospital in Palo Alto, California. Additionally she is an LSVT BIG certified therapist, specializing in treatment for individuals with Parkinson&#8217;s Disease. <span class=\"outlook-search-highlight\" data-markjs=\"true\">Daniele&#8217;s native language is<\/span> English and she is fluent in Spanish as a second language.<\/p>\n<p>&nbsp;<\/p>\n<h1><strong><img class=\"alignleft wp-image-10888\" src=\"https:\/\/neuroft.com\/wp-content\/uploads\/Foto-Perfil-Sullen--400x501.jpeg\" alt=\"\" width=\"199\" height=\"250\" srcset=\"https:\/\/neuroft.com\/wp-content\/uploads\/Foto-Perfil-Sullen--200x251.jpeg 200w, https:\/\/neuroft.com\/wp-content\/uploads\/Foto-Perfil-Sullen--239x300.jpeg 239w, https:\/\/neuroft.com\/wp-content\/uploads\/Foto-Perfil-Sullen--400x501.jpeg 400w, https:\/\/neuroft.com\/wp-content\/uploads\/Foto-Perfil-Sullen--600x752.jpeg 600w, https:\/\/neuroft.com\/wp-content\/uploads\/Foto-Perfil-Sullen--768x963.jpeg 768w, https:\/\/neuroft.com\/wp-content\/uploads\/Foto-Perfil-Sullen--800x1003.jpeg 800w, https:\/\/neuroft.com\/wp-content\/uploads\/Foto-Perfil-Sullen--817x1024.jpeg 817w, https:\/\/neuroft.com\/wp-content\/uploads\/Foto-Perfil-Sullen-.jpeg 1021w\" sizes=\"(max-width: 199px) 100vw, 199px\" \/><\/strong><\/h1>\n<h1><span style=\"color: #000000;\">Sullen Perez Velasquez &#8211; Receptionist Escaz\u00fa Clinic<\/span><\/h1>\n<p style=\"text-align: left;\">Sullen Perez Velasquez, born in San Jos\u00e9, San Jos\u00e9, Costa Rica. Her goal is to ensure friendly service, resolve inquiries quickly and effectively, and contribute to the smooth operation of the reception at Cl\u00ednica NeuroFT Escaz\u00fa.<\/p>\n<p>&nbsp;<\/p>\n<h2><\/h2>\n<p><img class=\"alignleft wp-image-10890\" src=\"https:\/\/neuroft.com\/wp-content\/uploads\/Foto-Perfil-Veronica-Barrientos-400x533.jpeg\" alt=\"\" width=\"188\" height=\"250\" srcset=\"https:\/\/neuroft.com\/wp-content\/uploads\/Foto-Perfil-Veronica-Barrientos-200x267.jpeg 200w, https:\/\/neuroft.com\/wp-content\/uploads\/Foto-Perfil-Veronica-Barrientos-225x300.jpeg 225w, https:\/\/neuroft.com\/wp-content\/uploads\/Foto-Perfil-Veronica-Barrientos-400x533.jpeg 400w, https:\/\/neuroft.com\/wp-content\/uploads\/Foto-Perfil-Veronica-Barrientos-600x800.jpeg 600w, https:\/\/neuroft.com\/wp-content\/uploads\/Foto-Perfil-Veronica-Barrientos-768x1024.jpeg 768w, https:\/\/neuroft.com\/wp-content\/uploads\/Foto-Perfil-Veronica-Barrientos-800x1067.jpeg 800w, https:\/\/neuroft.com\/wp-content\/uploads\/Foto-Perfil-Veronica-Barrientos.jpeg 960w\" sizes=\"(max-width: 188px) 100vw, 188px\" \/><\/p>\n<h1><span style=\"color: #000000;\">Ver\u00f3nica Barrientos Quir\u00f3s &#8211; Receptionist Escalante Clinic<\/span><\/h1>\n<p>Ver\u00f3nica Barrientos, from San Jos\u00e9, Costa Rica. She has experience in customer service face-to-face and online (from different communication channels), with great communication and organizational skills. Due to her knowledge in psychology and human resources administration, she is able to provide a friendly and efficient service in the reception area of ??the clinic as well as in the administrative part.<\/p>\n<p>&nbsp;<\/p>\n<p>&nbsp;<\/p>\n<p>&nbsp;<\/p>\n","protected":false},"excerpt":{"rendered":"<p>Dr. Lisa Riggioni D.T.F., E.N.C., Certified TND, Director Dr. Lisa Riggioni Meyers is from San Jos\u00e9, Costa Rica and specializes in  [&#8230;]<\/p>\n","protected":false},"author":1,"featured_media":0,"parent":0,"menu_order":0,"comment_status":"closed","ping_status":"closed","template":"","meta":[],"yoast_head":"<!-- This site is optimized with the Yoast SEO plugin v16.8 - https:\/\/yoast.com\/wordpress\/plugins\/seo\/ -->\n<title>Team NeuroFT - Terapia F\u00edsica Costa Rica y Rehabilitaci\u00f3n Neurol\u00f3gica - Dra. Lisa Riggioni<\/title>\n<meta name=\"robots\" content=\"index, follow, max-snippet:-1, max-image-preview:large, max-video-preview:-1\" \/>\n<link rel=\"canonical\" href=\"https:\/\/neuroft.com\/en\/team\/\" \/>\n<meta property=\"og:locale\" content=\"en_US\" \/>\n<meta property=\"og:type\" content=\"article\" \/>\n<meta property=\"og:title\" content=\"Team NeuroFT - Terapia F\u00edsica Costa Rica y Rehabilitaci\u00f3n Neurol\u00f3gica - Dra. Lisa Riggioni\" \/>\n<meta property=\"og:description\" content=\"Dr. Lisa Riggioni D.T.F., E.N.C., Certified TND, Director Dr. Lisa Riggioni Meyers is from San Jos\u00e9, Costa Rica and specializes in [...]\" \/>\n<meta property=\"og:url\" content=\"https:\/\/neuroft.com\/en\/team\/\" \/>\n<meta property=\"og:site_name\" content=\"Terapia F\u00edsica Costa Rica y Rehabilitaci\u00f3n Neurol\u00f3gica - Dra. Lisa Riggioni\" \/>\n<meta property=\"article:publisher\" content=\"https:\/\/www.facebook.com\/NeuroFT\/\" \/>\n<meta property=\"article:modified_time\" content=\"2026-01-23T19:20:07+00:00\" \/>\n<meta property=\"og:image\" content=\"https:\/\/neuroft.com\/wp-content\/uploads\/lisa-1024x668.jpeg\" \/>\n<meta name=\"twitter:card\" content=\"summary_large_image\" \/>\n<script type=\"application\/ld+json\" class=\"yoast-schema-graph\">{\"@context\":\"https:\/\/schema.org\",\"@graph\":[{\"@type\":\"WebSite\",\"@id\":\"http:\/\/gql.fus.mybluehost.me\/#website\",\"url\":\"http:\/\/gql.fus.mybluehost.me\/\",\"name\":\"Terapia F\\u00edsica Costa Rica y Rehabilitaci\\u00f3n Neurol\\u00f3gica - Dra. Lisa Riggioni\",\"description\":\"NeuroFT\",\"potentialAction\":[{\"@type\":\"SearchAction\",\"target\":{\"@type\":\"EntryPoint\",\"urlTemplate\":\"http:\/\/gql.fus.mybluehost.me\/?s={search_term_string}\"},\"query-input\":\"required name=search_term_string\"}],\"inLanguage\":\"en-US\"},{\"@type\":\"ImageObject\",\"@id\":\"https:\/\/neuroft.com\/en\/team\/#primaryimage\",\"inLanguage\":\"en-US\",\"url\":\"https:\/\/neuroft.com\/wp-content\/uploads\/lisa.jpeg\",\"contentUrl\":\"https:\/\/neuroft.com\/wp-content\/uploads\/lisa.jpeg\",\"width\":2006,\"height\":1309},{\"@type\":\"WebPage\",\"@id\":\"https:\/\/neuroft.com\/en\/team\/#webpage\",\"url\":\"https:\/\/neuroft.com\/en\/team\/\",\"name\":\"Team NeuroFT - Terapia F\\u00edsica Costa Rica y Rehabilitaci\\u00f3n Neurol\\u00f3gica - Dra. Lisa Riggioni\",\"isPartOf\":{\"@id\":\"http:\/\/gql.fus.mybluehost.me\/#website\"},\"primaryImageOfPage\":{\"@id\":\"https:\/\/neuroft.com\/en\/team\/#primaryimage\"},\"datePublished\":\"2020-07-04T22:01:00+00:00\",\"dateModified\":\"2026-01-23T19:20:07+00:00\",\"breadcrumb\":{\"@id\":\"https:\/\/neuroft.com\/en\/team\/#breadcrumb\"},\"inLanguage\":\"en-US\",\"potentialAction\":[{\"@type\":\"ReadAction\",\"target\":[\"https:\/\/neuroft.com\/en\/team\/\"]}]},{\"@type\":\"BreadcrumbList\",\"@id\":\"https:\/\/neuroft.com\/en\/team\/#breadcrumb\",\"itemListElement\":[{\"@type\":\"ListItem\",\"position\":1,\"name\":\"Portada\",\"item\":\"http:\/\/gql.fus.mybluehost.me\/en\/\"},{\"@type\":\"ListItem\",\"position\":2,\"name\":\"Team NeuroFT\"}]}]}<\/script>\n<!-- \/ Yoast SEO plugin. -->","yoast_head_json":{"title":"Team NeuroFT - Terapia F\u00edsica Costa Rica y Rehabilitaci\u00f3n Neurol\u00f3gica - Dra. Lisa Riggioni","robots":{"index":"index","follow":"follow","max-snippet":"max-snippet:-1","max-image-preview":"max-image-preview:large","max-video-preview":"max-video-preview:-1"},"canonical":"https:\/\/neuroft.com\/en\/team\/","og_locale":"en_US","og_type":"article","og_title":"Team NeuroFT - Terapia F\u00edsica Costa Rica y Rehabilitaci\u00f3n Neurol\u00f3gica - Dra. Lisa Riggioni","og_description":"Dr. Lisa Riggioni D.T.F., E.N.C., Certified TND, Director Dr. Lisa Riggioni Meyers is from San Jos\u00e9, Costa Rica and specializes in [...]","og_url":"https:\/\/neuroft.com\/en\/team\/","og_site_name":"Terapia F\u00edsica Costa Rica y Rehabilitaci\u00f3n Neurol\u00f3gica - Dra. Lisa Riggioni","article_publisher":"https:\/\/www.facebook.com\/NeuroFT\/","article_modified_time":"2026-01-23T19:20:07+00:00","og_image":[{"url":"https:\/\/neuroft.com\/wp-content\/uploads\/lisa-1024x668.jpeg"}],"twitter_card":"summary_large_image","schema":{"@context":"https:\/\/schema.org","@graph":[{"@type":"WebSite","@id":"http:\/\/gql.fus.mybluehost.me\/#website","url":"http:\/\/gql.fus.mybluehost.me\/","name":"Terapia F\u00edsica Costa Rica y Rehabilitaci\u00f3n Neurol\u00f3gica - Dra. Lisa Riggioni","description":"NeuroFT","potentialAction":[{"@type":"SearchAction","target":{"@type":"EntryPoint","urlTemplate":"http:\/\/gql.fus.mybluehost.me\/?s={search_term_string}"},"query-input":"required name=search_term_string"}],"inLanguage":"en-US"},{"@type":"ImageObject","@id":"https:\/\/neuroft.com\/en\/team\/#primaryimage","inLanguage":"en-US","url":"https:\/\/neuroft.com\/wp-content\/uploads\/lisa.jpeg","contentUrl":"https:\/\/neuroft.com\/wp-content\/uploads\/lisa.jpeg","width":2006,"height":1309},{"@type":"WebPage","@id":"https:\/\/neuroft.com\/en\/team\/#webpage","url":"https:\/\/neuroft.com\/en\/team\/","name":"Team NeuroFT - Terapia F\u00edsica Costa Rica y Rehabilitaci\u00f3n Neurol\u00f3gica - Dra. Lisa Riggioni","isPartOf":{"@id":"http:\/\/gql.fus.mybluehost.me\/#website"},"primaryImageOfPage":{"@id":"https:\/\/neuroft.com\/en\/team\/#primaryimage"},"datePublished":"2020-07-04T22:01:00+00:00","dateModified":"2026-01-23T19:20:07+00:00","breadcrumb":{"@id":"https:\/\/neuroft.com\/en\/team\/#breadcrumb"},"inLanguage":"en-US","potentialAction":[{"@type":"ReadAction","target":["https:\/\/neuroft.com\/en\/team\/"]}]},{"@type":"BreadcrumbList","@id":"https:\/\/neuroft.com\/en\/team\/#breadcrumb","itemListElement":[{"@type":"ListItem","position":1,"name":"Portada","item":"http:\/\/gql.fus.mybluehost.me\/en\/"},{"@type":"ListItem","position":2,"name":"Team NeuroFT"}]}]}},"_links":{"self":[{"href":"https:\/\/neuroft.com\/en\/wp-json\/wp\/v2\/pages\/6951"}],"collection":[{"href":"https:\/\/neuroft.com\/en\/wp-json\/wp\/v2\/pages"}],"about":[{"href":"https:\/\/neuroft.com\/en\/wp-json\/wp\/v2\/types\/page"}],"author":[{"embeddable":true,"href":"https:\/\/neuroft.com\/en\/wp-json\/wp\/v2\/users\/1"}],"replies":[{"embeddable":true,"href":"https:\/\/neuroft.com\/en\/wp-json\/wp\/v2\/comments?post=6951"}],"version-history":[{"count":10,"href":"https:\/\/neuroft.com\/en\/wp-json\/wp\/v2\/pages\/6951\/revisions"}],"predecessor-version":[{"id":10992,"href":"https:\/\/neuroft.com\/en\/wp-json\/wp\/v2\/pages\/6951\/revisions\/10992"}],"wp:attachment":[{"href":"https:\/\/neuroft.com\/en\/wp-json\/wp\/v2\/media?parent=6951"}],"curies":[{"name":"wp","href":"https:\/\/api.w.org\/{rel}","templated":true}]}}